{"id":5283,"date":"2025-05-14T14:57:19","date_gmt":"2025-05-14T11:57:19","guid":{"rendered":"https:\/\/www.sumoteks.com\/?page_id=5283"},"modified":"2025-07-29T11:25:17","modified_gmt":"2025-07-29T08:25:17","slug":"tasarim","status":"publish","type":"page","link":"https:\/\/www.sumoteks.com\/en\/tasarim\/","title":{"rendered":"Design"},"content":{"rendered":"<div data-elementor-type=\"wp-page\" data-elementor-id=\"5283\" class=\"elementor elementor-5283\" data-elementor-post-type=\"page\">\n\t\t\t\t\t\t<section class=\"elementor-section elementor-top-section elementor-element elementor-element-23398ae elementor-section-boxed elementor-section-height-default elementor-section-height-default\" data-id=\"23398ae\" data-element_type=\"section\">\n\t\t\t\t\t\t<div class=\"elementor-container elementor-column-gap-default\">\n\t\t\t\t\t<div class=\"elementor-column elementor-col-100 elementor-top-column elementor-element elementor-element-2123da5\" data-id=\"2123da5\" data-element_type=\"column\">\n\t\t\t<div class=\"elementor-widget-wrap\">\n\t\t\t\t\t\t\t<\/div>\n\t\t<\/div>\n\t\t\t\t\t<\/div>\n\t\t<\/section>\n\t\t<div class=\"elementor-element elementor-element-35ad125 e-flex e-con-boxed e-con e-parent\" data-id=\"35ad125\" data-element_type=\"container\">\n\t\t\t\t\t<div class=\"e-con-inner\">\n\t\t\t\t<div class=\"elementor-element elementor-element-8698749 elementor-widget elementor-widget-tx_heading elh-el tx_heading\" data-id=\"8698749\" data-element_type=\"widget\" data-settings=\"{&quot;design_style&quot;:&quot;style_1&quot;}\" data-widget_type=\"tx_heading.default\">\n\t\t\t\t<div class=\"elementor-widget-container\">\n\t\t\t\t\t<div class=\"tx-heading-section text-center\">\r\n        <h6 class=\"bs-subtitle-1 wa-split-clr wa-capitalize tx-subTitle\">\r\n                <span class=\"icon\">\r\n                            <img decoding=\"async\" class=\"wa-fadeInUp\" src=\"https:\/\/www.sumoteks.com\/wp-content\/uploads\/2025\/03\/star-shape.webp\" alt=\"\">\r\n                        <\/span>\r\n                Sumoteks    <\/h6>\r\n    <h2 class=\"tx-title bs-sec-title-1  wa-split-right wa-capitalize\" data-cursor=\"-opaque\">Design Process<\/h2>    <\/div>\t\t\t\t<\/div>\n\t\t\t\t<\/div>\n\t\t\t\t\t<\/div>\n\t\t\t\t<\/div>\n\t\t\t\t<section class=\"elementor-section elementor-top-section elementor-element elementor-element-fbed207 elementor-section-boxed elementor-section-height-default elementor-section-height-default\" data-id=\"fbed207\" data-element_type=\"section\">\n\t\t\t\t\t\t<div class=\"elementor-container elementor-column-gap-default\">\n\t\t\t\t\t<div class=\"elementor-column elementor-col-100 elementor-top-column elementor-element elementor-element-23e7cc4\" data-id=\"23e7cc4\" data-element_type=\"column\">\n\t\t\t<div class=\"elementor-widget-wrap elementor-element-populated\">\n\t\t\t\t\t\t<div class=\"elementor-element elementor-element-6fde956 elementor-invisible elementor-widget elementor-widget-tx_service_lists elh-el tx_service_lists\" data-id=\"6fde956\" data-element_type=\"widget\" data-settings=\"{&quot;design_style&quot;:&quot;style_10&quot;,&quot;_animation&quot;:&quot;fadeInLeft&quot;}\" data-widget_type=\"tx_service_lists.default\">\n\t\t\t\t<div class=\"elementor-widget-container\">\n\t\t\t\t\t<div class=\"bs-work-process-item\">\r\n        <div class=\"bs-work-process-item-single\">\r\n                <div class=\"item-img wa-fix wa-img-cover\">\r\n            <img decoding=\"async\" src=\"https:\/\/www.sumoteks.com\/wp-content\/uploads\/2025\/07\/sumoteks-tasarim-1.jpg\"\r\n            alt=\"sumoteks-tasarim-1\">\r\n        <\/div>\r\n                <div class=\"item-line\"><\/div>\r\n        <div class=\"content\">\r\n                        <h4 class=\"bs-h-4 number\">\r\n                01            <\/h4>\r\n                        <h5 class=\"bs-h-4 title\">Inspiration &amp; Research<\/h5>\r\n                        <p class=\"bs-p-4 disc\">We analyze fashion trends, seasonal colors, and children's needs. We draw inspiration from nature, art, and the world of children.<\/p>\r\n                    <\/div>\r\n    <\/div>\r\n        <div class=\"bs-work-process-item-single\">\r\n                <div class=\"item-img wa-fix wa-img-cover\">\r\n            <img decoding=\"async\" src=\"https:\/\/www.sumoteks.com\/wp-content\/uploads\/2025\/07\/Sumoteks-tasarim-2.jpg\"\r\n            alt=\"Sumoteks-tasarim-2\">\r\n        <\/div>\r\n                <div class=\"item-line\"><\/div>\r\n        <div class=\"content\">\r\n                        <h4 class=\"bs-h-4 number\">\r\n                02            <\/h4>\r\n                        <h5 class=\"bs-h-4 title\">Draft &amp; Drawing<\/h5>\r\n                        <p class=\"bs-p-4 disc\">Our creative design team prepares the first collection drafts by transforming ideas into technical drawings. Color palettes, fabric selection, and pattern studies are finalized at this stage.<\/p>\r\n                    <\/div>\r\n    <\/div>\r\n        <div class=\"bs-work-process-item-single\">\r\n                <div class=\"item-img wa-fix wa-img-cover\">\r\n            <img decoding=\"async\" src=\"https:\/\/www.sumoteks.com\/wp-content\/uploads\/2025\/06\/sumoteks-foto-3.jpg\"\r\n            alt=\"sumoteks-foto-3\">\r\n        <\/div>\r\n                <div class=\"item-line\"><\/div>\r\n        <div class=\"content\">\r\n                        <h4 class=\"bs-h-4 number\">\r\n                03            <\/h4>\r\n                        <h5 class=\"bs-h-4 title\">Sample Production<\/h5>\r\n                        <p class=\"bs-p-4 disc\">The selected designs are produced in our sample workshop. Mold, body, and quality checks are performed; they are evaluated in terms of both style and ease of use.<\/p>\r\n                    <\/div>\r\n    <\/div>\r\n        <div class=\"bs-work-process-item-single\">\r\n                <div class=\"item-img wa-fix wa-img-cover\">\r\n            <img decoding=\"async\" src=\"https:\/\/www.sumoteks.com\/wp-content\/uploads\/2025\/07\/sumoteks-tasarim-3.jpg\"\r\n            alt=\"sumoteks-tasarim-3\">\r\n        <\/div>\r\n                <div class=\"item-line\"><\/div>\r\n        <div class=\"content\">\r\n                        <h4 class=\"bs-h-4 number\">\r\n                04            <\/h4>\r\n                        <h5 class=\"bs-h-4 title\">Collection Approval &amp; Production<\/h5>\r\n                        <p class=\"bs-p-4 disc\">Onaylanan numuneler koleksiyona dahil edilir ve \u00fcretim planlamas\u0131 ba\u015flat\u0131l\u0131r. B\u00f6ylece her bir par\u00e7a Sumoteks g\u00fcvencesiyle hayat bulur.<\/p>\r\n                    <\/div>\r\n    <\/div>\r\n    <\/div>\t\t\t\t<\/div>\n\t\t\t\t<\/div>\n\t\t\t\t\t<\/div>\n\t\t<\/div>\n\t\t\t\t\t<\/div>\n\t\t<\/section>\n\t\t<div class=\"elementor-element elementor-element-4b43469 e-flex e-con-boxed e-con e-parent\" data-id=\"4b43469\" data-element_type=\"container\">\n\t\t\t\t\t<div class=\"e-con-inner\">\n\t\t<div class=\"elementor-element elementor-element-d5918d7 e-con-full e-flex e-con e-child\" data-id=\"d5918d7\" data-element_type=\"container\">\n\t\t\t\t<div class=\"elementor-element elementor-element-23a76cd elementor-widget__width-inherit animated-fast elementor-invisible elementor-widget elementor-widget-text-editor\" data-id=\"23a76cd\" data-element_type=\"widget\" data-settings=\"{&quot;_animation&quot;:&quot;slideInDown&quot;}\" data-widget_type=\"text-editor.default\">\n\t\t\t\t<div class=\"elementor-widget-container\">\n\t\t\t\t\t\t\t\t\t<div class=\"ewa-rteLine\">Working in collaboration with our solution partners and European-based design offices, we contribute to our partners' unique and trend-focused collection development processes.<\/div><div class=\"ewa-rteLine\">\u00a0<\/div><div class=\"ewa-rteLine\">In our collection development processes, we add value to our business partners not only through our production capacity but also through a holistic and sustainable approach that begins with design. In this regard, as part of the strategic partnership we have established with our solution partner design office, we work with a network of 12 professional fashion designers operating in various European countries.<\/div>\t\t\t\t\t\t\t\t<\/div>\n\t\t\t\t<\/div>\n\t\t\t\t<\/div>\n\t\t<div class=\"elementor-element elementor-element-a77e947 e-con-full e-flex e-con e-child\" data-id=\"a77e947\" data-element_type=\"container\">\n\t\t\t\t<div class=\"elementor-element elementor-element-2240181 elementor-widget__width-inherit animated-fast elementor-invisible elementor-widget elementor-widget-text-editor\" data-id=\"2240181\" data-element_type=\"widget\" data-settings=\"{&quot;_animation&quot;:&quot;slideInDown&quot;}\" data-widget_type=\"text-editor.default\">\n\t\t\t\t<div class=\"elementor-widget-container\">\n\t\t\t\t\t\t\t\t\t<div class=\"ewa-rteLine\"><div class=\"ewa-rteLine\">Our designers create original, trend-focused designs across all categories of baby, children's, youth, women's, and men's apparel, tailored to each brand's vision, target market, and collection schedule. The process is structured as an end-to-end design service encompassing trend analysis, graphic and pattern development, technical drawing, sizing, and sample support.<\/div><div class=\"ewa-rteLine\">\u00a0<\/div><div class=\"ewa-rteLine\">Our design team approaches design not only from an aesthetic and functional perspective, but also as an area of responsibility that protects the planet's resources. Our design processes are based on approaches such as circular economy principles, the principle of minimum waste, long-term use, preference for recyclable materials, and multi-functional product design.<\/div><div class=\"ewa-rteLine\">\u00a0<\/div><\/div>\t\t\t\t\t\t\t\t<\/div>\n\t\t\t\t<\/div>\n\t\t\t\t<\/div>\n\t\t\t\t\t<\/div>\n\t\t\t\t<\/div>\n\t\t\t\t<\/div>","protected":false},"excerpt":{"rendered":"<p>Sumoteks Tasar\u0131m S\u00fcrecimiz 01 \u0130lham &amp; Ara\u015ft\u0131rma Moda trendlerini, sezon renklerini ve \u00e7ocuklar\u0131n ihtiya\u00e7lar\u0131n\u0131 analiz ederiz. Do\u011fadan, sanattan ve \u00e7ocuklar\u0131n d\u00fcnyas\u0131ndan ilham al\u0131r\u0131z. 02 Taslak &amp; \u00c7izim Yarat\u0131c\u0131 tasar\u0131m ekibimiz, fikirleri teknik \u00e7izimlere d\u00f6n\u00fc\u015ft\u00fcrerek ilk koleksiyon taslaklar\u0131n\u0131 haz\u0131rlar. Renk kartelalar\u0131, kuma\u015f se\u00e7imi ve desen \u00e7al\u0131\u015fmalar\u0131 bu a\u015famada netle\u015fir. 03 Numune \u00dcretimi Se\u00e7ilen tasar\u0131mlar numune at\u00f6lyemizde [&hellip;]<\/p>","protected":false},"author":1,"featured_media":0,"parent":0,"menu_order":0,"comment_status":"closed","ping_status":"closed","template":"elementor_header_footer","meta":{"inline_featured_image":false,"footnotes":""},"class_list":["post-5283","page","type-page","status-publish","hentry"],"_links":{"self":[{"href":"https:\/\/www.sumoteks.com\/en\/wp-json\/wp\/v2\/pages\/5283","targetHints":{"allow":["GET"]}}],"collection":[{"href":"https:\/\/www.sumoteks.com\/en\/wp-json\/wp\/v2\/pages"}],"about":[{"href":"https:\/\/www.sumoteks.com\/en\/wp-json\/wp\/v2\/types\/page"}],"author":[{"embeddable":true,"href":"https:\/\/www.sumoteks.com\/en\/wp-json\/wp\/v2\/users\/1"}],"replies":[{"embeddable":true,"href":"https:\/\/www.sumoteks.com\/en\/wp-json\/wp\/v2\/comments?post=5283"}],"version-history":[{"count":88,"href":"https:\/\/www.sumoteks.com\/en\/wp-json\/wp\/v2\/pages\/5283\/revisions"}],"predecessor-version":[{"id":8516,"href":"https:\/\/www.sumoteks.com\/en\/wp-json\/wp\/v2\/pages\/5283\/revisions\/8516"}],"wp:attachment":[{"href":"https:\/\/www.sumoteks.com\/en\/wp-json\/wp\/v2\/media?parent=5283"}],"curies":[{"name":"wp","href":"https:\/\/api.w.org\/{rel}","templated":true}]}}