{"id":5335,"date":"2025-05-14T17:36:05","date_gmt":"2025-05-14T14:36:05","guid":{"rendered":"https:\/\/www.sumoteks.com\/?page_id=5335"},"modified":"2025-09-05T14:33:11","modified_gmt":"2025-09-05T11:33:11","slug":"insan-kaynaklari","status":"publish","type":"page","link":"https:\/\/www.sumoteks.com\/en\/insan-kaynaklari\/","title":{"rendered":"\u0130nsan Kaynaklar\u0131"},"content":{"rendered":"<div data-elementor-type=\"wp-page\" data-elementor-id=\"5335\" class=\"elementor elementor-5335\" data-elementor-post-type=\"page\">\n\t\t\t\t\t\t<section class=\"elementor-section elementor-top-section elementor-element elementor-element-23398ae elementor-section-boxed elementor-section-height-default elementor-section-height-default\" data-id=\"23398ae\" data-element_type=\"section\">\n\t\t\t\t\t\t<div class=\"elementor-container elementor-column-gap-default\">\n\t\t\t\t\t<div class=\"elementor-column elementor-col-100 elementor-top-column elementor-element elementor-element-002aaab\" data-id=\"002aaab\" data-element_type=\"column\">\n\t\t\t<div class=\"elementor-widget-wrap elementor-element-populated\">\n\t\t\t\t\t\t<div class=\"elementor-element elementor-element-6b212e9 animated-fast elementor-invisible elementor-widget elementor-widget-tx_heading elh-el tx_heading\" data-id=\"6b212e9\" data-element_type=\"widget\" data-settings=\"{&quot;_animation&quot;:&quot;fadeInLeft&quot;,&quot;design_style&quot;:&quot;style_1&quot;}\" data-widget_type=\"tx_heading.default\">\n\t\t\t\t<div class=\"elementor-widget-container\">\n\t\t\t\t\t<div class=\"tx-heading-section text-left\">\r\n        <h6 class=\"bs-subtitle-1 wa-split-clr wa-capitalize tx-subTitle\">\r\n                    <\/h6>\r\n    <h2 class=\"tx-title bs-sec-title-1  wa-split-right wa-capitalize\" data-cursor=\"-opaque\">Growing Together, Shaping the Future  <br> &nbsp;  <br> &nbsp;<\/h2>    <\/div>\t\t\t\t<\/div>\n\t\t\t\t<\/div>\n\t\t\t\t\t<\/div>\n\t\t<\/div>\n\t\t\t\t\t<\/div>\n\t\t<\/section>\n\t\t<div class=\"elementor-element elementor-element-2109723 e-flex e-con-boxed e-con e-parent\" data-id=\"2109723\" data-element_type=\"container\">\n\t\t\t\t\t<div class=\"e-con-inner\">\n\t\t<div class=\"elementor-element elementor-element-1cda7e6 e-con-full e-flex e-con e-child\" data-id=\"1cda7e6\" data-element_type=\"container\">\n\t\t\t\t<div class=\"elementor-element elementor-element-f3e47f9 elementor-widget__width-inherit animated-fast elementor-invisible elementor-widget elementor-widget-text-editor\" data-id=\"f3e47f9\" data-element_type=\"widget\" data-settings=\"{&quot;_animation&quot;:&quot;fadeInLeft&quot;}\" data-widget_type=\"text-editor.default\">\n\t\t\t\t<div class=\"elementor-widget-container\">\n\t\t\t\t\t\t\t\t\t<p>Sumoteks adopts a human resources policy that focuses on the development, happiness, and safety of its employees. Our priority is to provide an equal, fair, and inclusive working environment where every individual can realize their potential.<\/p><ul><li><strong>Open Positions<\/strong>\u00a0<br \/>You can follow our current open positions and easily start your application process with our online form.<br \/>&nbsp;<\/li><li><strong>Education &amp; Development<br \/><\/strong>We continuously develop our employees' knowledge and competencies through onboarding orientations, annual planned training programs, leadership development, and\nsustainability modules.<br \/>&nbsp; <br \/>&nbsp;<\/li><li><strong>Women-Friendly Workplace<br \/><\/strong>We are creating an inclusive corporate culture with women's career development programs, a daycare project, and a women's committee.\nWe are creating an inclusive corporate culture with women's career development programs, a daycare project, and a women's committee.<br \/>&nbsp;<\/li><li><strong>Young Talent &amp; Internship Programs<\/strong><br \/>We provide the industry with qualified human resources through programs designed for university students and recent graduates. You can submit your internship application by filling out the form.\nBy joining the Sumoteks family, you can become part of a community that creates value, not just a job.<p>&nbsp;<\/p><\/li><\/ul>\t\t\t\t\t\t\t\t<\/div>\n\t\t\t\t<\/div>\n\t\t\t\t<\/div>\n\t\t<div class=\"elementor-element elementor-element-99f936e e-con-full animated-fast e-flex elementor-invisible e-con e-child\" data-id=\"99f936e\" data-element_type=\"container\" data-settings=\"{&quot;animation&quot;:&quot;fadeInDown&quot;}\">\n\t\t\t\t<div class=\"elementor-element elementor-element-c75fe15 elementor-invisible elementor-widget elementor-widget-image\" data-id=\"c75fe15\" data-element_type=\"widget\" data-settings=\"{&quot;_animation&quot;:&quot;fadeInUp&quot;}\" data-widget_type=\"image.default\">\n\t\t\t\t<div class=\"elementor-widget-container\">\n\t\t\t\t\t\t\t\t\t\t\t\t\t\t\t<img fetchpriority=\"high\" decoding=\"async\" width=\"550\" height=\"530\" src=\"https:\/\/www.sumoteks.com\/wp-content\/uploads\/2025\/08\/insan-kaynaklari-gorsel.jpg\" class=\"attachment-large size-large wp-image-9376\" alt=\"\" srcset=\"https:\/\/www.sumoteks.com\/wp-content\/uploads\/2025\/08\/insan-kaynaklari-gorsel.jpg 550w, https:\/\/www.sumoteks.com\/wp-content\/uploads\/2025\/08\/insan-kaynaklari-gorsel-300x289.jpg 300w, https:\/\/www.sumoteks.com\/wp-content\/uploads\/2025\/08\/insan-kaynaklari-gorsel-12x12.jpg 12w\" sizes=\"(max-width: 550px) 100vw, 550px\" \/>\t\t\t\t\t\t\t\t\t\t\t\t\t\t\t<\/div>\n\t\t\t\t<\/div>\n\t\t\t\t<\/div>\n\t\t\t\t\t<\/div>\n\t\t\t\t<\/div>\n\t\t<div class=\"elementor-element elementor-element-70f9751 e-flex e-con-boxed e-con e-parent\" data-id=\"70f9751\" data-element_type=\"container\">\n\t\t\t\t\t<div class=\"e-con-inner\">\n\t\t\t\t<div class=\"elementor-element elementor-element-a1518a0 elementor-invisible elementor-widget elementor-widget-tx_heading elh-el tx_heading\" data-id=\"a1518a0\" data-element_type=\"widget\" data-settings=\"{&quot;_animation&quot;:&quot;fadeInLeft&quot;,&quot;design_style&quot;:&quot;style_1&quot;}\" data-widget_type=\"tx_heading.default\">\n\t\t\t\t<div class=\"elementor-widget-container\">\n\t\t\t\t\t<div class=\"tx-heading-section text-left\">\r\n        <h6 class=\"bs-subtitle-1 wa-split-clr wa-capitalize tx-subTitle\">\r\n                    <\/h6>\r\n    <h2 class=\"tx-title bs-sec-title-1  wa-split-right wa-capitalize\" data-cursor=\"-opaque\">Application Form<\/h2>    <\/div>\t\t\t\t<\/div>\n\t\t\t\t<\/div>\n\t\t\t\t<div class=\"elementor-element elementor-element-a60376e elementor-widget elementor-widget-shortcode\" data-id=\"a60376e\" data-element_type=\"widget\" data-widget_type=\"shortcode.default\">\n\t\t\t\t<div class=\"elementor-widget-container\">\n\t\t\t\t\t\t\t<div class=\"elementor-shortcode\">\n<div class=\"wpcf7 no-js\" id=\"wpcf7-f3897-o1\" lang=\"en-US\" dir=\"ltr\" data-wpcf7-id=\"3897\">\n<div class=\"screen-reader-response\"><p role=\"status\" aria-live=\"polite\" aria-atomic=\"true\"><\/p> <ul><\/ul><\/div>\n<form action=\"\/en\/wp-json\/wp\/v2\/pages\/5335#wpcf7-f3897-o1\" method=\"post\" class=\"wpcf7-form init\" aria-label=\"Contact form\" enctype=\"multipart\/form-data\" novalidate=\"novalidate\" data-status=\"init\" data-trp-original-action=\"\/en\/wp-json\/wp\/v2\/pages\/5335#wpcf7-f3897-o1\">\n<fieldset class=\"hidden-fields-container\"><input type=\"hidden\" name=\"_wpcf7\" value=\"3897\" \/><input type=\"hidden\" name=\"_wpcf7_version\" value=\"6.1.5\" \/><input type=\"hidden\" name=\"_wpcf7_locale\" value=\"en_US\" \/><input type=\"hidden\" name=\"_wpcf7_unit_tag\" value=\"wpcf7-f3897-o1\" \/><input type=\"hidden\" name=\"_wpcf7_container_post\" value=\"0\" \/><input type=\"hidden\" name=\"_wpcf7_posted_data_hash\" value=\"\" \/><input type=\"hidden\" name=\"_wpcf7_recaptcha_response\" value=\"\" \/>\n<\/fieldset>\n<div class=\"bs-form-1\">\n    <div class=\"bs-form-1-item wa-clip-left-right\">\n        <label class=\"bs-form-1-item-label\" for=\"\">Name - Surname<\/label>\n        <span class=\"wpcf7-form-control-wrap\" data-name=\"text-301\"><input size=\"40\" maxlength=\"400\" class=\"wpcf7-form-control wpcf7-text wpcf7-validates-as-required bs-form-1-item-input\" aria-required=\"true\" aria-invalid=\"false\" placeholder=\"\" value=\"\" type=\"text\" name=\"text-301\" \/><\/span>\n <\/div>\n\n  <div class=\"bs-form-1-item wa-clip-left-right\">\n        <label class=\"bs-form-1-item-label\" for=\"\">Application Type<\/label>\n        <span class=\"wpcf7-form-control-wrap\" data-name=\"select-967\"><select class=\"wpcf7-form-control wpcf7-select wpcf7-validates-as-required bs-form-1-item-input\" aria-required=\"true\" aria-invalid=\"false\" name=\"select-967\"><option value=\"Tam Zamanl\u0131\">Tam Zamanl\u0131<\/option><option value=\"Staj\">Staj<\/option><\/select><\/span>\n    <\/div>\n\n\n    <div class=\"bs-form-1-item wa-clip-left-right\">\n        <label class=\"bs-form-1-item-label\" for=\"\">Your Date of Birth<\/label>\n        <span class=\"wpcf7-form-control-wrap\" data-name=\"number-132\"><input class=\"wpcf7-form-control wpcf7-number wpcf7-validates-as-required wpcf7-validates-as-number bs-form-1-item-input\" aria-required=\"true\" aria-invalid=\"false\" placeholder=\"\" value=\"\" type=\"number\" name=\"number-132\" \/><\/span>\n    <\/div>\n    <div class=\"bs-form-1-item wa-clip-left-right\">\n        <label class=\"bs-form-1-item-label\" for=\"\">E-Mail<\/label>\n        <span class=\"wpcf7-form-control-wrap\" data-name=\"email-301\"><input size=\"40\" maxlength=\"400\" class=\"wpcf7-form-control wpcf7-email wpcf7-validates-as-required wpcf7-text wpcf7-validates-as-email bs-form-1-item-input\" aria-required=\"true\" aria-invalid=\"false\" placeholder=\"\" value=\"\" type=\"email\" name=\"email-301\" \/><\/span>\n    <\/div>\n    <div class=\"bs-form-1-item  wa-clip-left-right\">\n        <label class=\"bs-form-1-item-label\" for=\"\">Telephone<\/label>\n       <span class=\"wpcf7-form-control-wrap\" data-name=\"tel-635\"><input size=\"40\" maxlength=\"400\" class=\"wpcf7-form-control wpcf7-tel wpcf7-validates-as-required wpcf7-text wpcf7-validates-as-tel bs-form-1-item-input\" aria-required=\"true\" aria-invalid=\"false\" placeholder=\"\" value=\"\" type=\"tel\" name=\"tel-635\" \/><\/span>\n    <\/div>\n\n\n\n<div class=\"bs-form-1-item wa-clip-left-right\">\n        <label class=\"bs-form-1-item-label\" for=\"\">Adres<\/label>\n        <span class=\"wpcf7-form-control-wrap\" data-name=\"text-438\"><input size=\"40\" maxlength=\"400\" class=\"wpcf7-form-control wpcf7-text wpcf7-validates-as-required bs-form-1-item-input\" aria-required=\"true\" aria-invalid=\"false\" placeholder=\"\" value=\"\" type=\"text\" name=\"text-438\" \/><\/span>\n    <\/div>\n\n\n<div class=\"bs-form-1-item wa-clip-left-right\">\n        <label class=\"bs-form-1-item-label\" for=\"\">Province<\/label>\n        <span class=\"wpcf7-form-control-wrap\" data-name=\"text-794\"><input size=\"40\" maxlength=\"400\" class=\"wpcf7-form-control wpcf7-text wpcf7-validates-as-required bs-form-1-item-input\" aria-required=\"true\" aria-invalid=\"false\" placeholder=\"\" value=\"\" type=\"text\" name=\"text-794\" \/><\/span>\n    <\/div>\n\n\n\n<div class=\"bs-form-1-item wa-clip-left-right\">\n        <label class=\"bs-form-1-item-label\" for=\"\">District<\/label>\n        <span class=\"wpcf7-form-control-wrap\" data-name=\"text-473\"><input size=\"40\" maxlength=\"400\" class=\"wpcf7-form-control wpcf7-text wpcf7-validates-as-required bs-form-1-item-input\" aria-required=\"true\" aria-invalid=\"false\" placeholder=\"\" value=\"\" type=\"text\" name=\"text-473\" \/><\/span>\n    <\/div>\n\n\n\n\n<div class=\"bs-form-1-item wa-clip-left-right\">\n        <label class=\"bs-form-1-item-label\" for=\"\">Which Position Are You Applying For?<\/label>\n        <span class=\"wpcf7-form-control-wrap\" data-name=\"text-947\"><input size=\"40\" maxlength=\"400\" class=\"wpcf7-form-control wpcf7-text wpcf7-validates-as-required bs-form-1-item-input\" aria-required=\"true\" aria-invalid=\"false\" placeholder=\"\" value=\"\" type=\"text\" name=\"text-947\" \/><\/span>\n    <\/div>\n\n\n\n\n\n\n<div class=\"bs-form-1-item wa-clip-left-right\">\n        <label class=\"bs-form-1-item-label\" for=\"\">Upload your CV.<\/label>\n             <span class=\"wpcf7-form-control-wrap\" data-name=\"file-677\"><input size=\"40\" class=\"wpcf7-form-control wpcf7-file\" accept=\"image\/*\" aria-invalid=\"false\" type=\"file\" name=\"file-677\" \/><\/span>\n    <\/div>\n\n\n\n    <div class=\"bs-form-1-item  wa-clip-left-right\">\n        <button type=\"submit\" class=\"bs-pr-btn-2\">\n            <span class=\"text\" data-back=\"submit now\" data-front=\"G\u00f6nder\"><\/span>\n            <span class=\"line-1\"><\/span>\n            <span class=\"line-2\"><\/span>\n            <span class=\"box box-1\"><\/span>\n            <span class=\"box box-2\"><\/span>\n            <span class=\"box box-3\"><\/span>\n            <span class=\"box box-4\"><\/span>\n        <\/button>\n    <\/div>\n<\/div>\n\n\n<br>\n<div class=\"bs-form-1-item wa-clip-left-right\">\n<span class=\"wpcf7-form-control-wrap\" data-name=\"checkbox-17\"><span class=\"wpcf7-form-control wpcf7-checkbox\"><span class=\"wpcf7-list-item first last\"><label><input type=\"checkbox\" name=\"checkbox-17[]\" value=\"Gizlilik Onayl\u0131yorum\" \/><span class=\"wpcf7-list-item-label\">Gizlilik Onayl\u0131yorum<\/span><\/label><\/span><\/span><\/span>\n        <label class=\"bs-form-1-item-label\" for=\"\"><\/label>\n       <span class=\"wpcf7-form-control-wrap\" data-name=\"checkbox-841\"><span class=\"wpcf7-form-control wpcf7-checkbox\"><span class=\"wpcf7-list-item first last\"><label><input type=\"checkbox\" name=\"checkbox-841[]\" value=\"\u015eartlar\u0131 ve Ko\u015fullar\u0131 Kabul Ediyorum\" \/><span class=\"wpcf7-list-item-label\">\u015eartlar\u0131 ve Ko\u015fullar\u0131 Kabul Ediyorum<\/span><\/label><\/span><\/span><\/span> \n    <\/div><div class=\"wpcf7-response-output\" aria-hidden=\"true\"><\/div>\n<input type=\"hidden\" name=\"trp-form-language\" value=\"en\"\/><\/form>\n<\/div>\n<\/div>\n\t\t\t\t\t\t<\/div>\n\t\t\t\t<\/div>\n\t\t\t\t\t<\/div>\n\t\t\t\t<\/div>\n\t\t\t\t<\/div>","protected":false},"excerpt":{"rendered":"<p>Birlikte B\u00fcy\u00fcyor, Gelece\u011fi \u015eekillendiriyoruz Sumoteks, \u00e7al\u0131\u015fanlar\u0131n\u0131n geli\u015fimini, mutlulu\u011funu ve g\u00fcvenli\u011fini merkeze alan bir insan kaynaklar\u0131 politikas\u0131 benimsemektedir. Her bireyin potansiyelini ger\u00e7ekle\u015ftirebilece\u011fi e\u015fitlik\u00e7i, adil ve kapsay\u0131c\u0131 bir \u00e7al\u0131\u015fma ortam\u0131 sunmak \u00f6nceli\u011fimizdir. A\u00e7\u0131k Pozisyonlar\u00a0G\u00fcncel a\u00e7\u0131k pozisyonlar\u0131m\u0131z\u0131 takip edebilir ve ba\u015fvuru s\u00fcrecinizi online form ilekolayca ba\u015flatabilirsiniz. E\u011fitim &amp; Geli\u015fim\u0130\u015fe al\u0131m oryantasyonlar\u0131, y\u0131ll\u0131k planl\u0131 e\u011fitimler, liderlik geli\u015fimi ves\u00fcrd\u00fcr\u00fclebilirlik mod\u00fclleriyle [&hellip;]<\/p>","protected":false},"author":1,"featured_media":0,"parent":0,"menu_order":0,"comment_status":"closed","ping_status":"closed","template":"elementor_header_footer","meta":{"inline_featured_image":false,"footnotes":""},"class_list":["post-5335","page","type-page","status-publish","hentry"],"_links":{"self":[{"href":"https:\/\/www.sumoteks.com\/en\/wp-json\/wp\/v2\/pages\/5335","targetHints":{"allow":["GET"]}}],"collection":[{"href":"https:\/\/www.sumoteks.com\/en\/wp-json\/wp\/v2\/pages"}],"about":[{"href":"https:\/\/www.sumoteks.com\/en\/wp-json\/wp\/v2\/types\/page"}],"author":[{"embeddable":true,"href":"https:\/\/www.sumoteks.com\/en\/wp-json\/wp\/v2\/users\/1"}],"replies":[{"embeddable":true,"href":"https:\/\/www.sumoteks.com\/en\/wp-json\/wp\/v2\/comments?post=5335"}],"version-history":[{"count":109,"href":"https:\/\/www.sumoteks.com\/en\/wp-json\/wp\/v2\/pages\/5335\/revisions"}],"predecessor-version":[{"id":9860,"href":"https:\/\/www.sumoteks.com\/en\/wp-json\/wp\/v2\/pages\/5335\/revisions\/9860"}],"wp:attachment":[{"href":"https:\/\/www.sumoteks.com\/en\/wp-json\/wp\/v2\/media?parent=5335"}],"curies":[{"name":"wp","href":"https:\/\/api.w.org\/{rel}","templated":true}]}}