{"id":5622,"date":"2025-05-16T11:50:34","date_gmt":"2025-05-16T08:50:34","guid":{"rendered":"https:\/\/www.sumoteks.com\/?page_id=5622"},"modified":"2025-09-05T14:42:18","modified_gmt":"2025-09-05T11:42:18","slug":"referanslarimiz","status":"publish","type":"page","link":"https:\/\/www.sumoteks.com\/en\/referanslarimiz\/","title":{"rendered":"Referanslar\u0131m\u0131z"},"content":{"rendered":"<div data-elementor-type=\"wp-page\" data-elementor-id=\"5622\" class=\"elementor elementor-5622\" data-elementor-post-type=\"page\">\n\t\t\t\t\t\t<section class=\"elementor-section elementor-top-section elementor-element elementor-element-23398ae elementor-section-boxed elementor-section-height-default elementor-section-height-default\" data-id=\"23398ae\" data-element_type=\"section\">\n\t\t\t\t\t\t<div class=\"elementor-container elementor-column-gap-default\">\n\t\t\t\t\t<div class=\"elementor-column elementor-col-100 elementor-top-column elementor-element elementor-element-002aaab\" data-id=\"002aaab\" data-element_type=\"column\">\n\t\t\t<div class=\"elementor-widget-wrap elementor-element-populated\">\n\t\t\t\t\t\t<div class=\"elementor-element elementor-element-6b212e9 elementor-widget elementor-widget-tx_heading elh-el tx_heading\" data-id=\"6b212e9\" data-element_type=\"widget\" data-settings=\"{&quot;design_style&quot;:&quot;style_1&quot;}\" data-widget_type=\"tx_heading.default\">\n\t\t\t\t<div class=\"elementor-widget-container\">\n\t\t\t\t\t<div class=\"tx-heading-section text-center\">\r\n        <h6 class=\"bs-subtitle-1 wa-split-clr wa-capitalize tx-subTitle\">\r\n                <span class=\"icon\">\r\n                            <img decoding=\"async\" class=\"wa-fadeInUp\" src=\"https:\/\/www.sumoteks.com\/wp-content\/uploads\/2025\/03\/star-shape.webp\" alt=\"\">\r\n                        <\/span>\r\n                Sumoteks    <\/h6>\r\n    <h2 class=\"tx-title bs-sec-title-1  wa-split-right wa-capitalize\" data-cursor=\"-opaque\">\u0130\u015f Ortaklar\u0131m\u0131z<\/h2>    <\/div>\t\t\t\t<\/div>\n\t\t\t\t<\/div>\n\t\t\t\t\t<\/div>\n\t\t<\/div>\n\t\t\t\t\t<\/div>\n\t\t<\/section>\n\t\t<div class=\"elementor-element elementor-element-c926a44 e-con-full e-flex e-con e-parent\" data-id=\"c926a44\" data-element_type=\"container\">\n\t\t\t\t<div class=\"elementor-element elementor-element-7cc3f2b elementor-widget elementor-widget-tx_brand elh-el tx_brand\" data-id=\"7cc3f2b\" data-element_type=\"widget\" data-settings=\"{&quot;design_style&quot;:&quot;style_1&quot;}\" data-widget_type=\"tx_brand.default\">\n\t\t\t\t<div class=\"elementor-widget-container\">\n\t\t\t\t\t<section class=\"bs-sponsor-1-area\">\r\n    <div class=\"container bs-container-1\">\r\n        <div class=\"bs-sponsor-1-wrap wa-p-relative\">\r\n                        <div class=\"bs-sponsor-1-line wa-scaleXInUp\"><\/div>\r\n            \r\n                        <div class=\"bs-sponsor-1-line wa-scaleXInUp\"><\/div>\r\n            \r\n            <!-- single-logo -->\r\n                        <div class=\"bs-sponsor-1-item\">\r\n                <img decoding=\"async\" src=\"https:\/\/www.sumoteks.com\/wp-content\/uploads\/2025\/07\/hm-1.png\" alt=\"\">\r\n                <img decoding=\"async\" src=\"https:\/\/www.sumoteks.com\/wp-content\/uploads\/2025\/07\/hm-1.png\" alt=\"\">\r\n            <\/div>\r\n\r\n                                    <div class=\"bs-sponsor-1-item\">\r\n                <img decoding=\"async\" src=\"https:\/\/www.sumoteks.com\/wp-content\/uploads\/2025\/07\/Primark.png\" alt=\"\">\r\n                <img decoding=\"async\" src=\"https:\/\/www.sumoteks.com\/wp-content\/uploads\/2025\/07\/Primark.png\" alt=\"\">\r\n            <\/div>\r\n\r\n                                    <div class=\"bs-sponsor-1-item\">\r\n                <img decoding=\"async\" src=\"https:\/\/www.sumoteks.com\/wp-content\/uploads\/2025\/07\/nords-marka.png\" alt=\"\">\r\n                <img decoding=\"async\" src=\"https:\/\/www.sumoteks.com\/wp-content\/uploads\/2025\/07\/nords-marka.png\" alt=\"\">\r\n            <\/div>\r\n\r\n                                    <div class=\"bs-sponsor-1-item\">\r\n                <img decoding=\"async\" src=\"https:\/\/www.sumoteks.com\/wp-content\/uploads\/2025\/07\/lacoste-marka.png\" alt=\"\">\r\n                <img decoding=\"async\" src=\"https:\/\/www.sumoteks.com\/wp-content\/uploads\/2025\/07\/lacoste-marka.png\" alt=\"\">\r\n            <\/div>\r\n\r\n                                    <div class=\"bs-sponsor-1-item\">\r\n                <img decoding=\"async\" src=\"https:\/\/www.sumoteks.com\/wp-content\/uploads\/2025\/07\/arket-marka.png\" alt=\"\">\r\n                <img decoding=\"async\" src=\"https:\/\/www.sumoteks.com\/wp-content\/uploads\/2025\/07\/arket-marka.png\" alt=\"\">\r\n            <\/div>\r\n\r\n                                    <div class=\"bs-sponsor-1-item\">\r\n                <img decoding=\"async\" src=\"https:\/\/www.sumoteks.com\/wp-content\/uploads\/2025\/07\/weekday-marka.png\" alt=\"\">\r\n                <img decoding=\"async\" src=\"https:\/\/www.sumoteks.com\/wp-content\/uploads\/2025\/07\/weekday-marka.png\" alt=\"\">\r\n            <\/div>\r\n\r\n                                <\/div>\r\n    <\/div>\r\n<\/section>\t\t\t\t<\/div>\n\t\t\t\t<\/div>\n\t\t\t\t<\/div>\n\t\t\t\t<\/div>","protected":false},"excerpt":{"rendered":"<p>Sumoteks \u0130\u015f Ortaklar\u0131m\u0131z<\/p>","protected":false},"author":1,"featured_media":0,"parent":0,"menu_order":0,"comment_status":"closed","ping_status":"closed","template":"elementor_header_footer","meta":{"inline_featured_image":false,"footnotes":""},"class_list":["post-5622","page","type-page","status-publish","hentry"],"_links":{"self":[{"href":"https:\/\/www.sumoteks.com\/en\/wp-json\/wp\/v2\/pages\/5622","targetHints":{"allow":["GET"]}}],"collection":[{"href":"https:\/\/www.sumoteks.com\/en\/wp-json\/wp\/v2\/pages"}],"about":[{"href":"https:\/\/www.sumoteks.com\/en\/wp-json\/wp\/v2\/types\/page"}],"author":[{"embeddable":true,"href":"https:\/\/www.sumoteks.com\/en\/wp-json\/wp\/v2\/users\/1"}],"replies":[{"embeddable":true,"href":"https:\/\/www.sumoteks.com\/en\/wp-json\/wp\/v2\/comments?post=5622"}],"version-history":[{"count":34,"href":"https:\/\/www.sumoteks.com\/en\/wp-json\/wp\/v2\/pages\/5622\/revisions"}],"predecessor-version":[{"id":9866,"href":"https:\/\/www.sumoteks.com\/en\/wp-json\/wp\/v2\/pages\/5622\/revisions\/9866"}],"wp:attachment":[{"href":"https:\/\/www.sumoteks.com\/en\/wp-json\/wp\/v2\/media?parent=5622"}],"curies":[{"name":"wp","href":"https:\/\/api.w.org\/{rel}","templated":true}]}}