{"id":6051,"date":"2025-05-19T13:31:35","date_gmt":"2025-05-19T10:31:35","guid":{"rendered":"https:\/\/www.sumoteks.com\/?page_id=6051"},"modified":"2025-07-24T22:19:45","modified_gmt":"2025-07-24T19:19:45","slug":"blog","status":"publish","type":"page","link":"https:\/\/www.sumoteks.com\/en\/blog\/","title":{"rendered":"Blog"},"content":{"rendered":"<div data-elementor-type=\"wp-page\" data-elementor-id=\"6051\" class=\"elementor elementor-6051\" data-elementor-post-type=\"page\">\n\t\t\t\t\t\t<section class=\"elementor-section elementor-top-section elementor-element elementor-element-23398ae elementor-section-boxed elementor-section-height-default elementor-section-height-default\" data-id=\"23398ae\" data-element_type=\"section\">\n\t\t\t\t\t\t<div class=\"elementor-container elementor-column-gap-default\">\n\t\t\t\t\t<div class=\"elementor-column elementor-col-100 elementor-top-column elementor-element elementor-element-b683d2f\" data-id=\"b683d2f\" data-element_type=\"column\">\n\t\t\t<div class=\"elementor-widget-wrap\">\n\t\t\t\t\t\t\t<\/div>\n\t\t<\/div>\n\t\t\t\t\t<\/div>\n\t\t<\/section>\n\t\t\t\t<section class=\"elementor-section elementor-top-section elementor-element elementor-element-9eaa97c elementor-section-boxed elementor-section-height-default elementor-section-height-default\" data-id=\"9eaa97c\" data-element_type=\"section\">\n\t\t\t\t\t\t<div class=\"elementor-container elementor-column-gap-default\">\n\t\t\t\t\t<div class=\"elementor-column elementor-col-100 elementor-top-column elementor-element elementor-element-ffecbae\" data-id=\"ffecbae\" data-element_type=\"column\">\n\t\t\t<div class=\"elementor-widget-wrap\">\n\t\t\t\t\t\t\t<\/div>\n\t\t<\/div>\n\t\t\t\t\t<\/div>\n\t\t<\/section>\n\t\t\t\t<section class=\"elementor-section elementor-top-section elementor-element elementor-element-6ce3775 elementor-section-boxed elementor-section-height-default elementor-section-height-default\" data-id=\"6ce3775\" data-element_type=\"section\">\n\t\t\t\t\t\t<div class=\"elementor-container elementor-column-gap-default\">\n\t\t\t\t\t<div class=\"elementor-column elementor-col-100 elementor-top-column elementor-element elementor-element-e52e424\" data-id=\"e52e424\" data-element_type=\"column\">\n\t\t\t<div class=\"elementor-widget-wrap elementor-element-populated\">\n\t\t\t\t\t\t<div class=\"elementor-element elementor-element-67e96ea elementor-widget elementor-widget-tx_post_grid elh-el tx_post_grid\" data-id=\"67e96ea\" data-element_type=\"widget\" data-settings=\"{&quot;design_style&quot;:&quot;style_4&quot;}\" data-widget_type=\"tx_post_grid.default\">\n\t\t\t\t<div class=\"elementor-widget-container\">\n\t\t\t\t\t<section class=\"bs-blog-4-area pb-125 pt-95 tx-section\">\r\n    <div class=\"container bs-container-2\">\r\n\r\n        <!-- content -->\r\n        <div class=\"bs-blog-4-content\">\r\n                        <h5 class=\"bs-subtitle-4 tx-subTitle\">\r\n                <span class=\"text\">\r\n                                    <\/span>\r\n                                <span class=\"icon\">\r\n                                                                                <\/span>\r\n                            <\/h5>\r\n            \r\n            <div class=\"inner-div\">\r\n                <h2 class=\"tx-title bs-sec-title-4 title wa-split-right wa-capitalize\" data-cursor=\"-opaque\">News for Sumoteks<\/h2>\r\n                                <p class=\"tx-description\">\r\n                    Awards, new projects, brand collaborations, and success stories.                <\/p>\r\n                \r\n                            <\/div>\r\n        <\/div>\r\n\r\n        <div class=\"bs-blog-4-wrap\">\r\n                        <div class=\"bs-blog-4-item wow fadeInRight\" >\r\n                                <div class=\"item-img wa-fix wa-img-cover\">\r\n                    <a href=\"https:\/\/www.sumoteks.com\/en\/giyimde-kalite-ve-guvenin-adi-sumoteks\/\" aria-label=\"name\" data-cursor-text=\"View\">\r\n                        <img decoding=\"async\" src=\"https:\/\/www.sumoteks.com\/wp-content\/uploads\/2024\/05\/sumoteks-yazilar-1024x631.jpg\"\r\n                        alt=\"Blog\">\r\n                    <\/a>\r\n                <\/div>\r\n                                <div class=\"content\">\r\n                    \r\n                    <h4 class=\"title bs-h-1\">\r\n                        <a href=\"https:\/\/www.sumoteks.com\/en\/giyimde-kalite-ve-guvenin-adi-sumoteks\/\" aria-label=\"name\">Sumoteks: The Name for Quality and Trust in Clothing<\/a>\r\n                    <\/h4>\r\n\r\n                    <p class=\"item-meta bs-p-4\">\r\n                        \r\n                        \r\n                                            <\/p>\r\n                <\/div>\r\n            <\/div>\r\n                        <div class=\"bs-blog-4-item wow fadeInRight\" >\r\n                                <div class=\"item-img wa-fix wa-img-cover\">\r\n                    <a href=\"https:\/\/www.sumoteks.com\/en\/sumotekste-surdurulebilir-uretim\/\" aria-label=\"name\" data-cursor-text=\"View\">\r\n                        <img decoding=\"async\" src=\"https:\/\/www.sumoteks.com\/wp-content\/uploads\/2025\/05\/sumoteks-h-1f-1024x631.jpg\"\r\n                        alt=\"Blog\">\r\n                    <\/a>\r\n                <\/div>\r\n                                <div class=\"content\">\r\n                    \r\n                    <h4 class=\"title bs-h-1\">\r\n                        <a href=\"https:\/\/www.sumoteks.com\/en\/sumotekste-surdurulebilir-uretim\/\" aria-label=\"name\">Sustainable Production at Sumoteks<\/a>\r\n                    <\/h4>\r\n\r\n                    <p class=\"item-meta bs-p-4\">\r\n                        \r\n                        \r\n                                            <\/p>\r\n                <\/div>\r\n            <\/div>\r\n                        <div class=\"bs-blog-4-item wow fadeInRight\" >\r\n                                <div class=\"item-img wa-fix wa-img-cover\">\r\n                    <a href=\"https:\/\/www.sumoteks.com\/en\/30-yillik-tecrube-aylik-1-milyon-parca\/\" aria-label=\"name\" data-cursor-text=\"View\">\r\n                        <img decoding=\"async\" src=\"https:\/\/www.sumoteks.com\/wp-content\/uploads\/2024\/05\/sumoteks-yazilar-2-1024x631.jpg\"\r\n                        alt=\"Blog\">\r\n                    <\/a>\r\n                <\/div>\r\n                                <div class=\"content\">\r\n                    \r\n                    <h4 class=\"title bs-h-1\">\r\n                        <a href=\"https:\/\/www.sumoteks.com\/en\/30-yillik-tecrube-aylik-1-milyon-parca\/\" aria-label=\"name\">30 Years of Experience, 1 Million Pieces Per Month<\/a>\r\n                    <\/h4>\r\n\r\n                    <p class=\"item-meta bs-p-4\">\r\n                        \r\n                        \r\n                                            <\/p>\r\n                <\/div>\r\n            <\/div>\r\n                    <\/div>\r\n    <\/div>\r\n<\/section>\t\t\t\t<\/div>\n\t\t\t\t<\/div>\n\t\t\t\t\t<\/div>\n\t\t<\/div>\n\t\t\t\t\t<\/div>\n\t\t<\/section>\n\t\t\t\t<\/div>","protected":false},"excerpt":{"rendered":"<p>Sumoteks\u2019ten Geli\u015fmeler \u00d6d\u00fcller, yeni projeler, marka i\u015f birlikleri ve ba\u015far\u0131 hikayeleri. Giyimde Kalite ve G\u00fcvenin Ad\u0131 Sumoteks Sumoteks\u2019te S\u00fcrd\u00fcr\u00fclebilir \u00dcretim 25 Y\u0131ll\u0131k Tecr\u00fcbe, Ayl\u0131k 1 Milyon Par\u00e7a<\/p>","protected":false},"author":1,"featured_media":0,"parent":0,"menu_order":0,"comment_status":"closed","ping_status":"closed","template":"elementor_header_footer","meta":{"inline_featured_image":false,"footnotes":""},"class_list":["post-6051","page","type-page","status-publish","hentry"],"_links":{"self":[{"href":"https:\/\/www.sumoteks.com\/en\/wp-json\/wp\/v2\/pages\/6051","targetHints":{"allow":["GET"]}}],"collection":[{"href":"https:\/\/www.sumoteks.com\/en\/wp-json\/wp\/v2\/pages"}],"about":[{"href":"https:\/\/www.sumoteks.com\/en\/wp-json\/wp\/v2\/types\/page"}],"author":[{"embeddable":true,"href":"https:\/\/www.sumoteks.com\/en\/wp-json\/wp\/v2\/users\/1"}],"replies":[{"embeddable":true,"href":"https:\/\/www.sumoteks.com\/en\/wp-json\/wp\/v2\/comments?post=6051"}],"version-history":[{"count":16,"href":"https:\/\/www.sumoteks.com\/en\/wp-json\/wp\/v2\/pages\/6051\/revisions"}],"predecessor-version":[{"id":7688,"href":"https:\/\/www.sumoteks.com\/en\/wp-json\/wp\/v2\/pages\/6051\/revisions\/7688"}],"wp:attachment":[{"href":"https:\/\/www.sumoteks.com\/en\/wp-json\/wp\/v2\/media?parent=6051"}],"curies":[{"name":"wp","href":"https:\/\/api.w.org\/{rel}","templated":true}]}}