{"id":6850,"date":"2025-07-14T13:39:00","date_gmt":"2025-07-14T10:39:00","guid":{"rendered":"https:\/\/www.sumoteks.com\/?page_id=6850"},"modified":"2025-08-29T12:07:32","modified_gmt":"2025-08-29T09:07:32","slug":"baski","status":"publish","type":"page","link":"https:\/\/www.sumoteks.com\/en\/baski\/","title":{"rendered":"Printing"},"content":{"rendered":"<div data-elementor-type=\"wp-page\" data-elementor-id=\"6850\" class=\"elementor elementor-6850\" data-elementor-post-type=\"page\">\n\t\t\t\t<div class=\"elementor-element elementor-element-b0cdd62 e-flex e-con-boxed e-con e-parent\" data-id=\"b0cdd62\" data-element_type=\"container\">\n\t\t\t\t\t<div class=\"e-con-inner\">\n\t\t<div class=\"elementor-element elementor-element-b724423 e-con-full e-flex e-con e-child\" data-id=\"b724423\" data-element_type=\"container\">\n\t\t\t\t<div class=\"elementor-element elementor-element-9893973 elementor-widget__width-inherit animated-fast elementor-invisible elementor-widget elementor-widget-text-editor\" data-id=\"9893973\" data-element_type=\"widget\" data-settings=\"{&quot;_animation&quot;:&quot;fadeInLeft&quot;}\" data-widget_type=\"text-editor.default\">\n\t\t\t\t<div class=\"elementor-widget-container\">\n\t\t\t\t\t\t\t\t\t<p>Various printing techniques are applied based on customer needs and collection concepts. Creative and durable visuals are achieved through transfer, water-based, pigment, reactive, foil, flock, and digital printing. The printing process is meticulously managed for both visual aesthetics and fabric compatibility.<\/p><p data-start=\"114\" data-end=\"833\">All dyes and chemicals used in the printing process are selected in accordance with international environmental and health standards. The printing method, specifically designed for each fabric type, is applied in accordance with criteria such as colorfastness, lightfastness, washability, and skin compatibility. Pre-printing samples are taken to test the effect of the desired design on the fabric, and mass production is not started without customer approval. Printing machines are calibrated regularly, and all parameters affecting print quality are monitored through digital systems. Sumoteks combines creativity with technology to guarantee the production of visually striking and long-lasting printed products.<\/p>\t\t\t\t\t\t\t\t<\/div>\n\t\t\t\t<\/div>\n\t\t\t\t<\/div>\n\t\t<div class=\"elementor-element elementor-element-7ca8a0a e-con-full e-flex e-con e-child\" data-id=\"7ca8a0a\" data-element_type=\"container\">\n\t\t\t\t<div class=\"elementor-element elementor-element-385b55b animated-fast elementor-invisible elementor-widget elementor-widget-image\" data-id=\"385b55b\" data-element_type=\"widget\" data-settings=\"{&quot;_animation&quot;:&quot;fadeInRight&quot;}\" data-widget_type=\"image.default\">\n\t\t\t\t<div class=\"elementor-widget-container\">\n\t\t\t\t\t\t\t\t\t\t\t\t\t\t\t<img fetchpriority=\"high\" decoding=\"async\" width=\"640\" height=\"423\" src=\"https:\/\/www.sumoteks.com\/wp-content\/uploads\/2025\/08\/baski-sumoteks.jpg\" class=\"attachment-large size-large wp-image-9816\" alt=\"\" srcset=\"https:\/\/www.sumoteks.com\/wp-content\/uploads\/2025\/08\/baski-sumoteks.jpg 988w, https:\/\/www.sumoteks.com\/wp-content\/uploads\/2025\/08\/baski-sumoteks-300x198.jpg 300w, https:\/\/www.sumoteks.com\/wp-content\/uploads\/2025\/08\/baski-sumoteks-768x508.jpg 768w, https:\/\/www.sumoteks.com\/wp-content\/uploads\/2025\/08\/baski-sumoteks-18x12.jpg 18w\" sizes=\"(max-width: 640px) 100vw, 640px\" \/>\t\t\t\t\t\t\t\t\t\t\t\t\t\t\t<\/div>\n\t\t\t\t<\/div>\n\t\t\t\t<\/div>\n\t\t\t\t\t<\/div>\n\t\t\t\t<\/div>\n\t\t\t\t<\/div>","protected":false},"excerpt":{"rendered":"<p>M\u00fc\u015fteri ihtiya\u00e7lar\u0131na ve koleksiyon konseptlerine g\u00f6re farkl\u0131 bask\u0131 teknikleri uygulanmaktad\u0131r. Transfer, su bazl\u0131, pigment, reaktif, folyo, flok ve dijital bask\u0131larla yarat\u0131c\u0131 ve dayan\u0131kl\u0131 g\u00f6rseller elde edilir. Bask\u0131 s\u00fcreci, hem g\u00f6rsel estetik hem de kuma\u015fla uyum a\u00e7\u0131s\u0131ndan titizlikle y\u00f6netilir. Bask\u0131 a\u015famas\u0131nda kullan\u0131lan t\u00fcm boyar maddeler ve kimyasallar, uluslararas\u0131 \u00e7evre ve sa\u011fl\u0131k standartlar\u0131na uygun olarak se\u00e7ilir. Her [&hellip;]<\/p>","protected":false},"author":1,"featured_media":0,"parent":0,"menu_order":0,"comment_status":"closed","ping_status":"closed","template":"elementor_header_footer","meta":{"inline_featured_image":false,"footnotes":""},"class_list":["post-6850","page","type-page","status-publish","hentry"],"_links":{"self":[{"href":"https:\/\/www.sumoteks.com\/en\/wp-json\/wp\/v2\/pages\/6850","targetHints":{"allow":["GET"]}}],"collection":[{"href":"https:\/\/www.sumoteks.com\/en\/wp-json\/wp\/v2\/pages"}],"about":[{"href":"https:\/\/www.sumoteks.com\/en\/wp-json\/wp\/v2\/types\/page"}],"author":[{"embeddable":true,"href":"https:\/\/www.sumoteks.com\/en\/wp-json\/wp\/v2\/users\/1"}],"replies":[{"embeddable":true,"href":"https:\/\/www.sumoteks.com\/en\/wp-json\/wp\/v2\/comments?post=6850"}],"version-history":[{"count":16,"href":"https:\/\/www.sumoteks.com\/en\/wp-json\/wp\/v2\/pages\/6850\/revisions"}],"predecessor-version":[{"id":9819,"href":"https:\/\/www.sumoteks.com\/en\/wp-json\/wp\/v2\/pages\/6850\/revisions\/9819"}],"wp:attachment":[{"href":"https:\/\/www.sumoteks.com\/en\/wp-json\/wp\/v2\/media?parent=6850"}],"curies":[{"name":"wp","href":"https:\/\/api.w.org\/{rel}","templated":true}]}}