{"id":6855,"date":"2025-07-14T13:32:25","date_gmt":"2025-07-14T10:32:25","guid":{"rendered":"https:\/\/www.sumoteks.com\/?page_id=6855"},"modified":"2025-08-29T12:07:57","modified_gmt":"2025-08-29T09:07:57","slug":"dikim","status":"publish","type":"page","link":"https:\/\/www.sumoteks.com\/en\/dikim\/","title":{"rendered":"Sewing"},"content":{"rendered":"<div data-elementor-type=\"wp-page\" data-elementor-id=\"6855\" class=\"elementor elementor-6855\" data-elementor-post-type=\"page\">\n\t\t\t\t<div class=\"elementor-element elementor-element-b0cdd62 e-flex e-con-boxed e-con e-parent\" data-id=\"b0cdd62\" data-element_type=\"container\">\n\t\t\t\t\t<div class=\"e-con-inner\">\n\t\t<div class=\"elementor-element elementor-element-b724423 e-con-full e-flex e-con e-child\" data-id=\"b724423\" data-element_type=\"container\">\n\t\t\t\t<div class=\"elementor-element elementor-element-9893973 elementor-widget__width-inherit animated-fast elementor-invisible elementor-widget elementor-widget-text-editor\" data-id=\"9893973\" data-element_type=\"widget\" data-settings=\"{&quot;_animation&quot;:&quot;fadeInLeft&quot;}\" data-widget_type=\"text-editor.default\">\n\t\t\t\t<div class=\"elementor-widget-container\">\n\t\t\t\t\t\t\t\t\t<p>Sumoteks' sewing lines are staffed by teams specializing in basic, medium, and complex product groups. During this phase of production, attention is focused on details that enhance both standard compliance and user comfort. This stage ensures that products are aesthetically pleasing, durable, and functional.<\/p><p data-start=\"97\" data-end=\"796\">Working on lines specifically designed for each product group, expert personnel expertly apply appropriate sewing techniques for different fabric types and pattern structures. The sewing machines are equipped with up-to-date technology and precise adjustments minimize the margin of error. During this stage, control points are identified and interim inspections are conducted; potential problems are identified early in the production process and prompt solutions are provided. Interim inspections conducted after sewing ensure both the visual and structural integrity of the product. Thus, Sumoteks prioritizes customer satisfaction, prioritizing quality and functionality even in high-volume production.<\/p>\t\t\t\t\t\t\t\t<\/div>\n\t\t\t\t<\/div>\n\t\t\t\t<\/div>\n\t\t<div class=\"elementor-element elementor-element-7ca8a0a e-con-full e-flex e-con e-child\" data-id=\"7ca8a0a\" data-element_type=\"container\">\n\t\t\t\t<div class=\"elementor-element elementor-element-385b55b animated-fast elementor-invisible elementor-widget elementor-widget-image\" data-id=\"385b55b\" data-element_type=\"widget\" data-settings=\"{&quot;_animation&quot;:&quot;fadeInUp&quot;}\" data-widget_type=\"image.default\">\n\t\t\t\t<div class=\"elementor-widget-container\">\n\t\t\t\t\t\t\t\t\t\t\t\t\t\t\t<img fetchpriority=\"high\" decoding=\"async\" width=\"640\" height=\"423\" src=\"https:\/\/www.sumoteks.com\/wp-content\/uploads\/2025\/08\/dikim-sumoteks.jpg\" class=\"attachment-large size-large wp-image-9820\" alt=\"\" srcset=\"https:\/\/www.sumoteks.com\/wp-content\/uploads\/2025\/08\/dikim-sumoteks.jpg 988w, https:\/\/www.sumoteks.com\/wp-content\/uploads\/2025\/08\/dikim-sumoteks-300x198.jpg 300w, https:\/\/www.sumoteks.com\/wp-content\/uploads\/2025\/08\/dikim-sumoteks-768x508.jpg 768w, https:\/\/www.sumoteks.com\/wp-content\/uploads\/2025\/08\/dikim-sumoteks-18x12.jpg 18w\" sizes=\"(max-width: 640px) 100vw, 640px\" \/>\t\t\t\t\t\t\t\t\t\t\t\t\t\t\t<\/div>\n\t\t\t\t<\/div>\n\t\t\t\t<\/div>\n\t\t\t\t\t<\/div>\n\t\t\t\t<\/div>\n\t\t\t\t<\/div>","protected":false},"excerpt":{"rendered":"<p>Sumoteks\u2019in dikim hatlar\u0131, temel, orta ve karma\u015f\u0131k \u00fcr\u00fcn gruplar\u0131nda uzmanla\u015fm\u0131\u015f ekiplerden olu\u015fur. \u00dcretimin bu a\u015famas\u0131nda hem standartlara uygunluk hem de kullan\u0131c\u0131 konforunu art\u0131racak detaylara odaklan\u0131l\u0131r. \u00dcr\u00fcnlerin estetik, dayan\u0131kl\u0131 ve fonksiyonel olmas\u0131 bu a\u015famada sa\u011flan\u0131r. Her \u00fcr\u00fcn grubu i\u00e7in \u00f6zel olarak olu\u015fturulmu\u015f hatlarda g\u00f6rev yapan uzman personel, farkl\u0131 kuma\u015f t\u00fcrlerine ve model yap\u0131lar\u0131na uygun diki\u015f tekniklerini [&hellip;]<\/p>","protected":false},"author":1,"featured_media":0,"parent":0,"menu_order":0,"comment_status":"closed","ping_status":"closed","template":"elementor_header_footer","meta":{"inline_featured_image":false,"footnotes":""},"class_list":["post-6855","page","type-page","status-publish","hentry"],"_links":{"self":[{"href":"https:\/\/www.sumoteks.com\/en\/wp-json\/wp\/v2\/pages\/6855","targetHints":{"allow":["GET"]}}],"collection":[{"href":"https:\/\/www.sumoteks.com\/en\/wp-json\/wp\/v2\/pages"}],"about":[{"href":"https:\/\/www.sumoteks.com\/en\/wp-json\/wp\/v2\/types\/page"}],"author":[{"embeddable":true,"href":"https:\/\/www.sumoteks.com\/en\/wp-json\/wp\/v2\/users\/1"}],"replies":[{"embeddable":true,"href":"https:\/\/www.sumoteks.com\/en\/wp-json\/wp\/v2\/comments?post=6855"}],"version-history":[{"count":16,"href":"https:\/\/www.sumoteks.com\/en\/wp-json\/wp\/v2\/pages\/6855\/revisions"}],"predecessor-version":[{"id":9823,"href":"https:\/\/www.sumoteks.com\/en\/wp-json\/wp\/v2\/pages\/6855\/revisions\/9823"}],"wp:attachment":[{"href":"https:\/\/www.sumoteks.com\/en\/wp-json\/wp\/v2\/media?parent=6855"}],"curies":[{"name":"wp","href":"https:\/\/api.w.org\/{rel}","templated":true}]}}