{"id":6860,"date":"2025-07-14T13:33:35","date_gmt":"2025-07-14T10:33:35","guid":{"rendered":"https:\/\/www.sumoteks.com\/?page_id=6860"},"modified":"2025-08-29T12:08:15","modified_gmt":"2025-08-29T09:08:15","slug":"utu-paket","status":"publish","type":"page","link":"https:\/\/www.sumoteks.com\/en\/utu-paket\/","title":{"rendered":"Iron Packaging"},"content":{"rendered":"<div data-elementor-type=\"wp-page\" data-elementor-id=\"6860\" class=\"elementor elementor-6860\" data-elementor-post-type=\"page\">\n\t\t\t\t<div class=\"elementor-element elementor-element-b0cdd62 e-flex e-con-boxed e-con e-parent\" data-id=\"b0cdd62\" data-element_type=\"container\">\n\t\t\t\t\t<div class=\"e-con-inner\">\n\t\t<div class=\"elementor-element elementor-element-b724423 e-con-full e-flex e-con e-child\" data-id=\"b724423\" data-element_type=\"container\">\n\t\t\t\t<div class=\"elementor-element elementor-element-9893973 elementor-widget__width-inherit animated-fast elementor-invisible elementor-widget elementor-widget-text-editor\" data-id=\"9893973\" data-element_type=\"widget\" data-settings=\"{&quot;_animation&quot;:&quot;fadeInLeft&quot;}\" data-widget_type=\"text-editor.default\">\n\t\t\t\t<div class=\"elementor-widget-container\">\n\t\t\t\t\t\t\t\t\t<p>After the finished products undergo quality control, they undergo a professional ironing process. They are then folded, labeled, and packaged according to instructions, ready for shipment. During this process, the product's presentation quality is also meticulously evaluated.<\/p><p>The product's folding, label position, and packaging format are tailored to customer specific requirements and export procedures. Each product is recorded in digital systems and labeled with a barcode or QR code for serial tracking. The packaging materials used are selected to ensure product integrity and adhere to environmental sustainability criteria. Prior to shipment, product boxes are inspected for accuracy, content, and packaging quality, undergoing final verification. Sumoteks meticulously meticulously pays attention to detail at this final stage of production, ensuring customers not only high quality but also a complete and professional delivery experience.<\/p>\t\t\t\t\t\t\t\t<\/div>\n\t\t\t\t<\/div>\n\t\t\t\t<\/div>\n\t\t<div class=\"elementor-element elementor-element-7ca8a0a e-con-full e-flex e-con e-child\" data-id=\"7ca8a0a\" data-element_type=\"container\">\n\t\t\t\t<div class=\"elementor-element elementor-element-385b55b animated-fast elementor-invisible elementor-widget elementor-widget-image\" data-id=\"385b55b\" data-element_type=\"widget\" data-settings=\"{&quot;_animation&quot;:&quot;fadeInUp&quot;}\" data-widget_type=\"image.default\">\n\t\t\t\t<div class=\"elementor-widget-container\">\n\t\t\t\t\t\t\t\t\t\t\t\t\t\t\t<img fetchpriority=\"high\" decoding=\"async\" width=\"640\" height=\"423\" src=\"https:\/\/www.sumoteks.com\/wp-content\/uploads\/2025\/08\/utupaket-sumoteks.jpg\" class=\"attachment-large size-large wp-image-9824\" alt=\"\" srcset=\"https:\/\/www.sumoteks.com\/wp-content\/uploads\/2025\/08\/utupaket-sumoteks.jpg 988w, https:\/\/www.sumoteks.com\/wp-content\/uploads\/2025\/08\/utupaket-sumoteks-300x198.jpg 300w, https:\/\/www.sumoteks.com\/wp-content\/uploads\/2025\/08\/utupaket-sumoteks-768x508.jpg 768w, https:\/\/www.sumoteks.com\/wp-content\/uploads\/2025\/08\/utupaket-sumoteks-18x12.jpg 18w\" sizes=\"(max-width: 640px) 100vw, 640px\" \/>\t\t\t\t\t\t\t\t\t\t\t\t\t\t\t<\/div>\n\t\t\t\t<\/div>\n\t\t\t\t<\/div>\n\t\t\t\t\t<\/div>\n\t\t\t\t<\/div>\n\t\t\t\t<\/div>","protected":false},"excerpt":{"rendered":"<p>Dikimi tamamlanan \u00fcr\u00fcnler, kalite kontrol sonras\u0131 profesyonel \u00fct\u00fcleme i\u015fleminden ge\u00e7irilir. Sonras\u0131nda talimatlara uygun \u015fekilde katlan\u0131r, etiketlenir ve ambalajlanarak sevkiyata haz\u0131r hale getirilir. Bu s\u00fcre\u00e7te \u00fcr\u00fcn\u00fcn sunum kalitesi de titizlikle de\u011ferlendirilir. \u00dcr\u00fcnlerin katlama \u015fekli, etiket pozisyonu ve ambalajlama bi\u00e7imi, m\u00fc\u015fterinin \u00f6zel taleplerine ve ihracat prosed\u00fcrlerine g\u00f6re \u015fekillendirilir. Her \u00fcr\u00fcn, seri takibi yap\u0131labilmesi i\u00e7in barkod veya QR [&hellip;]<\/p>","protected":false},"author":1,"featured_media":0,"parent":0,"menu_order":0,"comment_status":"closed","ping_status":"closed","template":"elementor_header_footer","meta":{"inline_featured_image":false,"footnotes":""},"class_list":["post-6860","page","type-page","status-publish","hentry"],"_links":{"self":[{"href":"https:\/\/www.sumoteks.com\/en\/wp-json\/wp\/v2\/pages\/6860","targetHints":{"allow":["GET"]}}],"collection":[{"href":"https:\/\/www.sumoteks.com\/en\/wp-json\/wp\/v2\/pages"}],"about":[{"href":"https:\/\/www.sumoteks.com\/en\/wp-json\/wp\/v2\/types\/page"}],"author":[{"embeddable":true,"href":"https:\/\/www.sumoteks.com\/en\/wp-json\/wp\/v2\/users\/1"}],"replies":[{"embeddable":true,"href":"https:\/\/www.sumoteks.com\/en\/wp-json\/wp\/v2\/comments?post=6860"}],"version-history":[{"count":19,"href":"https:\/\/www.sumoteks.com\/en\/wp-json\/wp\/v2\/pages\/6860\/revisions"}],"predecessor-version":[{"id":9827,"href":"https:\/\/www.sumoteks.com\/en\/wp-json\/wp\/v2\/pages\/6860\/revisions\/9827"}],"wp:attachment":[{"href":"https:\/\/www.sumoteks.com\/en\/wp-json\/wp\/v2\/media?parent=6860"}],"curies":[{"name":"wp","href":"https:\/\/api.w.org\/{rel}","templated":true}]}}