{"id":6865,"date":"2025-07-14T13:34:55","date_gmt":"2025-07-14T10:34:55","guid":{"rendered":"https:\/\/www.sumoteks.com\/?page_id=6865"},"modified":"2025-08-29T12:08:31","modified_gmt":"2025-08-29T09:08:31","slug":"kalite-kontrol","status":"publish","type":"page","link":"https:\/\/www.sumoteks.com\/en\/kalite-kontrol\/","title":{"rendered":"Quality Control"},"content":{"rendered":"<div data-elementor-type=\"wp-page\" data-elementor-id=\"6865\" class=\"elementor elementor-6865\" data-elementor-post-type=\"page\">\n\t\t\t\t<div class=\"elementor-element elementor-element-b0cdd62 e-flex e-con-boxed e-con e-parent\" data-id=\"b0cdd62\" data-element_type=\"container\">\n\t\t\t\t\t<div class=\"e-con-inner\">\n\t\t<div class=\"elementor-element elementor-element-b724423 e-con-full e-flex e-con e-child\" data-id=\"b724423\" data-element_type=\"container\">\n\t\t\t\t<div class=\"elementor-element elementor-element-9893973 elementor-widget__width-inherit animated-fast elementor-invisible elementor-widget elementor-widget-text-editor\" data-id=\"9893973\" data-element_type=\"widget\" data-settings=\"{&quot;_animation&quot;:&quot;fadeInLeft&quot;}\" data-widget_type=\"text-editor.default\">\n\t\t\t\t<div class=\"elementor-widget-container\">\n\t\t\t\t\t\t\t\t\t<p>Quality is one of Sumoteks' top priorities throughout all production processes. Products are constantly monitored through intermediate checks and undergo multi-stage quality control processes, including post-sewing and pre-shipment. During final inspections, products are evaluated according to customer instructions and AQL standards.<\/p><p data-start=\"119\" data-end=\"888\">The quality control process isn't limited to identifying defects; it also encompasses providing feedback that will improve production quality. Sumoteks' quality control team meticulously tests measurements, stitching, appearance, accessories, and functionality using checklists specific to each product group. The digital quality monitoring system records data at every stage, allowing for performance analysis and identifying areas for improvement. Furthermore, final inspections prior to shipment ensure that each product complies 100% with customer expectations and technical specifications. Sumoteks views quality not as a single outcome, but as a responsibility encompassing the entire process, and acts accordingly.<\/p>\t\t\t\t\t\t\t\t<\/div>\n\t\t\t\t<\/div>\n\t\t\t\t<\/div>\n\t\t<div class=\"elementor-element elementor-element-7ca8a0a e-con-full e-flex e-con e-child\" data-id=\"7ca8a0a\" data-element_type=\"container\">\n\t\t\t\t<div class=\"elementor-element elementor-element-385b55b animated-fast elementor-invisible elementor-widget elementor-widget-image\" data-id=\"385b55b\" data-element_type=\"widget\" data-settings=\"{&quot;_animation&quot;:&quot;fadeInUp&quot;}\" data-widget_type=\"image.default\">\n\t\t\t\t<div class=\"elementor-widget-container\">\n\t\t\t\t\t\t\t\t\t\t\t\t\t\t\t<img fetchpriority=\"high\" decoding=\"async\" width=\"640\" height=\"423\" src=\"https:\/\/www.sumoteks.com\/wp-content\/uploads\/2025\/08\/kalite-kontrol-sumoteks.jpg\" class=\"attachment-large size-large wp-image-9828\" alt=\"\" srcset=\"https:\/\/www.sumoteks.com\/wp-content\/uploads\/2025\/08\/kalite-kontrol-sumoteks.jpg 988w, https:\/\/www.sumoteks.com\/wp-content\/uploads\/2025\/08\/kalite-kontrol-sumoteks-300x198.jpg 300w, https:\/\/www.sumoteks.com\/wp-content\/uploads\/2025\/08\/kalite-kontrol-sumoteks-768x508.jpg 768w, https:\/\/www.sumoteks.com\/wp-content\/uploads\/2025\/08\/kalite-kontrol-sumoteks-18x12.jpg 18w\" sizes=\"(max-width: 640px) 100vw, 640px\" \/>\t\t\t\t\t\t\t\t\t\t\t\t\t\t\t<\/div>\n\t\t\t\t<\/div>\n\t\t\t\t<\/div>\n\t\t\t\t\t<\/div>\n\t\t\t\t<\/div>\n\t\t\t\t<\/div>","protected":false},"excerpt":{"rendered":"<p>T\u00fcm \u00fcretim s\u00fcre\u00e7lerinde kalite, Sumoteks\u2019in en \u00f6ncelikli de\u011ferlerinden biridir. \u00dcr\u00fcnler, ara kontrollerle s\u00fcrekli izlenir; dikim sonras\u0131 ve sevkiyat \u00f6ncesi olmak \u00fczere \u00e7ok a\u015famal\u0131 kalite kontrol s\u00fcre\u00e7lerinden ge\u00e7er. Nihai kontrolde, \u00fcr\u00fcnler m\u00fc\u015fteri talimatlar\u0131na ve AQL standartlar\u0131na g\u00f6re de\u011ferlendirilir. Kalite kontrol s\u00fcreci, yaln\u0131zca hatalar\u0131 tespit etmekle s\u0131n\u0131rl\u0131 de\u011fildir; ayn\u0131 zamanda \u00fcretim kalitesini y\u00fckseltecek geri bildirimlerin sa\u011flanmas\u0131n\u0131 da [&hellip;]<\/p>","protected":false},"author":1,"featured_media":0,"parent":0,"menu_order":0,"comment_status":"closed","ping_status":"closed","template":"elementor_header_footer","meta":{"inline_featured_image":false,"footnotes":""},"class_list":["post-6865","page","type-page","status-publish","hentry"],"_links":{"self":[{"href":"https:\/\/www.sumoteks.com\/en\/wp-json\/wp\/v2\/pages\/6865","targetHints":{"allow":["GET"]}}],"collection":[{"href":"https:\/\/www.sumoteks.com\/en\/wp-json\/wp\/v2\/pages"}],"about":[{"href":"https:\/\/www.sumoteks.com\/en\/wp-json\/wp\/v2\/types\/page"}],"author":[{"embeddable":true,"href":"https:\/\/www.sumoteks.com\/en\/wp-json\/wp\/v2\/users\/1"}],"replies":[{"embeddable":true,"href":"https:\/\/www.sumoteks.com\/en\/wp-json\/wp\/v2\/comments?post=6865"}],"version-history":[{"count":19,"href":"https:\/\/www.sumoteks.com\/en\/wp-json\/wp\/v2\/pages\/6865\/revisions"}],"predecessor-version":[{"id":9831,"href":"https:\/\/www.sumoteks.com\/en\/wp-json\/wp\/v2\/pages\/6865\/revisions\/9831"}],"wp:attachment":[{"href":"https:\/\/www.sumoteks.com\/en\/wp-json\/wp\/v2\/media?parent=6865"}],"curies":[{"name":"wp","href":"https:\/\/api.w.org\/{rel}","templated":true}]}}