{"id":69,"date":"2025-03-18T21:34:07","date_gmt":"2025-03-18T21:34:07","guid":{"rendered":"https:\/\/themexriver.com\/wp\/barsi\/?page_id=69"},"modified":"2025-08-10T19:36:49","modified_gmt":"2025-08-10T16:36:49","slug":"iletisim","status":"publish","type":"page","link":"https:\/\/www.sumoteks.com\/en\/iletisim\/","title":{"rendered":"Contact"},"content":{"rendered":"<div data-elementor-type=\"wp-page\" data-elementor-id=\"69\" class=\"elementor elementor-69\" data-elementor-post-type=\"page\">\n\t\t\t\t\t\t<section class=\"elementor-section elementor-top-section elementor-element elementor-element-eda4a7e elementor-section-full_width elementor-section-height-default elementor-section-height-default\" data-id=\"eda4a7e\" data-element_type=\"section\">\n\t\t\t\t\t\t<div class=\"elementor-container elementor-column-gap-default\">\n\t\t\t\t\t<div class=\"elementor-column elementor-col-100 elementor-top-column elementor-element elementor-element-01749c0\" data-id=\"01749c0\" data-element_type=\"column\">\n\t\t\t<div class=\"elementor-widget-wrap elementor-element-populated\">\n\t\t\t\t\t\t<div class=\"elementor-element elementor-element-4bb5a32 animated-fast elementor-invisible elementor-widget elementor-widget-tx_contact_info elh-el tx_contact_info\" data-id=\"4bb5a32\" data-element_type=\"widget\" data-settings=\"{&quot;design_style&quot;:&quot;style_5&quot;,&quot;_animation&quot;:&quot;fadeInDown&quot;}\" data-widget_type=\"tx_contact_info.default\">\n\t\t\t\t<div class=\"elementor-widget-container\">\n\t\t\t\t\t<section class=\"bs-core-feature-6-area pt-125 tx-section\">\r\n    <div class=\"container bs-container-1\">\r\n                <div class=\"bs-core-feature-4-line wa-scaleXInUp\"><\/div>\r\n                <div class=\"bs-core-feature-6-wrap\">\r\n\r\n            <!-- single-item -->\r\n                        <div class=\"bs-core-feature-4-item wow fadeInRight\" >\r\n                                <h4 class=\"bs-h-4 item-title\">\r\n                    Location - Address                <\/h4>\r\n                \r\n                \r\n                                <p class=\"bs-p-4 item-disc\"><p>Donanma Mah. 226. Sok. A Blok No:6 &amp; B Blok No:8, G\u00f6lc\u00fck \/ Kocaeli \/ T\u00dcRK\u0130YE<br \/><br \/><a href=\"https:\/\/maps.app.goo.gl\/aTjZSM1FRTnKVWCPA\" target=\"_blank\" rel=\"noopener\"><strong>Yol Tarifi Al<\/strong><\/a><\/p><\/p>\r\n                            <\/div>\r\n                        <div class=\"bs-core-feature-4-item wow fadeInRight\" >\r\n                                <h4 class=\"bs-h-4 item-title\">\r\n                    Contact Information                <\/h4>\r\n                \r\n                \r\n                                <p class=\"bs-p-4 item-disc\"><p><a href=\"mailto:info@sumoteks.com\">info@sumoteks.com<\/a><br \/>+90 (262) 422 24 11<\/p><\/p>\r\n                            <\/div>\r\n                        <div class=\"bs-core-feature-4-item wow fadeInRight\" >\r\n                                <h4 class=\"bs-h-4 item-title\">\r\n                    Social Media                <\/h4>\r\n                \r\n                \r\n                                <p class=\"bs-p-4 item-disc\"><a href=\"\/en\/www.linkedin.com\/company\/sumoteks\/\" target=\"_blank\" rel=\"noopener\">\n<i class=\"fa-brands fa-linkedin-in\"><\/i>\n<\/a> \n<br>\n\n<a href=\"https:\/\/www.instagram.com\/sumoteks\/\" target=\"_blank\" rel=\"noopener\">\n<i class=\"fa-brands fa-instagram\"><\/i>\n<\/a><\/p>\r\n                            <\/div>\r\n            \r\n        <\/div>\r\n\r\n                <div class=\"bs-core-feature-4-line wa-scaleXInUp\"><\/div>\r\n            <\/div>\r\n<\/section>\t\t\t\t<\/div>\n\t\t\t\t<\/div>\n\t\t\t\t\t<\/div>\n\t\t<\/div>\n\t\t\t\t\t<\/div>\n\t\t<\/section>\n\t\t\t\t<section class=\"elementor-section elementor-top-section elementor-element elementor-element-804fdd9 elementor-section-content-middle elementor-section-boxed elementor-section-height-default elementor-section-height-default\" data-id=\"804fdd9\" data-element_type=\"section\">\n\t\t\t\t\t\t<div class=\"elementor-container elementor-column-gap-default\">\n\t\t\t\t\t<div class=\"elementor-column elementor-col-33 elementor-top-column elementor-element elementor-element-491b070\" data-id=\"491b070\" data-element_type=\"column\" style=\"cursor:pointer\">\n\t\t\t<div class=\"elementor-widget-wrap elementor-element-populated\">\n\t\t\t\t\t\t<div class=\"elementor-element elementor-element-d886baa animated-fast elementor-invisible elementor-widget elementor-widget-google_maps\" data-id=\"d886baa\" data-element_type=\"widget\" data-settings=\"{&quot;_animation&quot;:&quot;fadeInDown&quot;}\" data-widget_type=\"google_maps.default\">\n\t\t\t\t<div class=\"elementor-widget-container\">\n\t\t\t\t\t\t\t<div class=\"elementor-custom-embed\">\n\t\t\t<iframe loading=\"lazy\"\n\t\t\t\t\tsrc=\"https:\/\/maps.google.com\/maps?q=40%C2%B042%2730.8%22N%2029%C2%B048%2727.7%22E&#038;t=m&#038;z=17&#038;output=embed&#038;iwloc=near\"\n\t\t\t\t\ttitle=\"40\u00b042&#039;30.8&quot;N 29\u00b048&#039;27.7&quot;E\"\n\t\t\t\t\taria-label=\"40\u00b042&#039;30.8&quot;N 29\u00b048&#039;27.7&quot;E\"\n\t\t\t><\/iframe>\n\t\t<\/div>\n\t\t\t\t\t\t<\/div>\n\t\t\t\t<\/div>\n\t\t\t\t\t<\/div>\n\t\t<\/div>\n\t\t\t\t<div class=\"elementor-column elementor-col-66 elementor-top-column elementor-element elementor-element-d074dcf\" data-id=\"d074dcf\" data-element_type=\"column\">\n\t\t\t<div class=\"elementor-widget-wrap elementor-element-populated\">\n\t\t\t\t\t\t<div class=\"elementor-element elementor-element-39306a0 animated-fast elementor-invisible elementor-widget elementor-widget-tx_heading elh-el tx_heading\" data-id=\"39306a0\" data-element_type=\"widget\" data-settings=\"{&quot;_animation&quot;:&quot;fadeInRight&quot;,&quot;design_style&quot;:&quot;style_1&quot;}\" data-widget_type=\"tx_heading.default\">\n\t\t\t\t<div class=\"elementor-widget-container\">\n\t\t\t\t\t<div class=\"tx-heading-section text-left\">\r\n        <h6 class=\"bs-subtitle-1 wa-split-clr wa-capitalize tx-subTitle\">\r\n                <span class=\"icon\">\r\n                            <img decoding=\"async\" class=\"wa-fadeInUp\" src=\"https:\/\/www.sumoteks.com\/wp-content\/uploads\/2025\/03\/star-shape.webp\" alt=\"\">\r\n                        <\/span>\r\n                You can contact us by filling out the form <br> <hr>    <\/h6>\r\n    <h2 class=\"tx-title bs-sec-title-1  wa-split-right wa-capitalize\" data-cursor=\"-opaque\"><\/h2>    <\/div>\t\t\t\t<\/div>\n\t\t\t\t<\/div>\n\t\t\t\t<div class=\"elementor-element elementor-element-5ef4817 animated-fast elementor-invisible elementor-widget elementor-widget-shortcode\" data-id=\"5ef4817\" data-element_type=\"widget\" data-settings=\"{&quot;_animation&quot;:&quot;fadeInRight&quot;}\" data-widget_type=\"shortcode.default\">\n\t\t\t\t<div class=\"elementor-widget-container\">\n\t\t\t\t\t\t\t<div class=\"elementor-shortcode\">\n<div class=\"wpcf7 no-js\" id=\"wpcf7-f4580-o1\" lang=\"en-US\" dir=\"ltr\" data-wpcf7-id=\"4580\">\n<div class=\"screen-reader-response\"><p role=\"status\" aria-live=\"polite\" aria-atomic=\"true\"><\/p> <ul><\/ul><\/div>\n<form action=\"\/en\/wp-json\/wp\/v2\/pages\/69#wpcf7-f4580-o1\" method=\"post\" class=\"wpcf7-form init\" aria-label=\"Contact form\" novalidate=\"novalidate\" data-status=\"init\" data-trp-original-action=\"\/en\/wp-json\/wp\/v2\/pages\/69#wpcf7-f4580-o1\">\n<fieldset class=\"hidden-fields-container\"><input type=\"hidden\" name=\"_wpcf7\" value=\"4580\" \/><input type=\"hidden\" name=\"_wpcf7_version\" value=\"6.1.5\" \/><input type=\"hidden\" name=\"_wpcf7_locale\" value=\"en_US\" \/><input type=\"hidden\" name=\"_wpcf7_unit_tag\" value=\"wpcf7-f4580-o1\" \/><input type=\"hidden\" name=\"_wpcf7_container_post\" value=\"0\" \/><input type=\"hidden\" name=\"_wpcf7_posted_data_hash\" value=\"\" \/><input type=\"hidden\" name=\"_wpcf7_recaptcha_response\" value=\"\" \/>\n<\/fieldset>\n<div class=\"bs-contact-6-content\">\n<div class=\"bs-form-1 bs-career-single-form\">\n    <div class=\"bs-form-1-item\">\n        <label class=\"bs-form-1-item-label\" for=\"\">Name Surname<\/label>\n        <span class=\"wpcf7-form-control-wrap\" data-name=\"text-278\"><input size=\"40\" maxlength=\"400\" class=\"wpcf7-form-control wpcf7-text wpcf7-validates-as-required bs-form-1-item-input\" aria-required=\"true\" aria-invalid=\"false\" placeholder=\"...\" value=\"\" type=\"text\" name=\"text-278\" \/><\/span>\n    <\/div>\n    <div class=\"bs-form-1-item\">\n        <label class=\"bs-form-1-item-label\" for=\"\">Telephone - GSM Number<\/label>\n        <span class=\"wpcf7-form-control-wrap\" data-name=\"tel-278\"><input size=\"40\" maxlength=\"400\" class=\"wpcf7-form-control wpcf7-tel wpcf7-validates-as-required wpcf7-text wpcf7-validates-as-tel bs-form-1-item-input\" aria-required=\"true\" aria-invalid=\"false\" placeholder=\"...\" value=\"\" type=\"tel\" name=\"tel-278\" \/><\/span>\n    <\/div>\n    <div class=\"bs-form-1-item\">\n        <label class=\"bs-form-1-item-label\" for=\"\">E-Mail Address<\/label>\n        <span class=\"wpcf7-form-control-wrap\" data-name=\"email-278\"><input size=\"40\" maxlength=\"400\" class=\"wpcf7-form-control wpcf7-email wpcf7-validates-as-required wpcf7-text wpcf7-validates-as-email bs-form-1-item-input\" aria-required=\"true\" aria-invalid=\"false\" placeholder=\"...\" value=\"\" type=\"email\" name=\"email-278\" \/><\/span>\n    <\/div>\n    <div class=\"bs-form-1-item\">\n        <label class=\"bs-form-1-item-label\" for=\"\">Message<\/label>\n        <span class=\"wpcf7-form-control-wrap\" data-name=\"textarea-278\"><textarea cols=\"40\" rows=\"10\" maxlength=\"2000\" class=\"wpcf7-form-control wpcf7-textarea wpcf7-validates-as-required bs-form-1-item-input\" aria-required=\"true\" aria-invalid=\"false\" placeholder=\"...\" name=\"textarea-278\"><\/textarea><\/span>\n    <\/div>\n    <div class=\"bs-form-1-item\">\n        <button class=\"bs-btn-1\" type=\"submit\" aria-label=\"name\">\n            <span class=\"text\">\n                 Send\n            <\/span>\n\n            <span class=\"icon\">\n                <i class=\"fa-solid fa-right-long\"><\/i>\n                <i class=\"fa-solid fa-right-long\"><\/i>\n            <\/span>\n            <span class=\"shape\"><\/span>\n        <\/button>\n    <\/div>\n<\/div>\n<\/div><div class=\"wpcf7-response-output\" aria-hidden=\"true\"><\/div>\n<input type=\"hidden\" name=\"trp-form-language\" value=\"en\"\/><\/form>\n<\/div>\n<\/div>\n\t\t\t\t\t\t<\/div>\n\t\t\t\t<\/div>\n\t\t\t\t\t<\/div>\n\t\t<\/div>\n\t\t\t\t\t<\/div>\n\t\t<\/section>\n\t\t\t\t<\/div>","protected":false},"excerpt":{"rendered":"<p>Konum &#8211; Adres Donanma Mah. 226. Sok. A Blok No:6 &amp; B Blok No:8, G\u00f6lc\u00fck \/ Kocaeli \/ T\u00dcRK\u0130YE Yol Tarifi Al \u0130leti\u015fim Adreslerimiz info@sumoteks.com+90 (262) 422 24 11 Sosyal Medya Hesaplar\u0131m\u0131z Formunu Doldurarak Bizimle \u0130leti\u015fime Ge\u00e7ebilirsiniz<\/p>","protected":false},"author":1,"featured_media":0,"parent":0,"menu_order":0,"comment_status":"closed","ping_status":"closed","template":"elementor_header_footer","meta":{"inline_featured_image":false,"footnotes":""},"class_list":["post-69","page","type-page","status-publish","hentry"],"_links":{"self":[{"href":"https:\/\/www.sumoteks.com\/en\/wp-json\/wp\/v2\/pages\/69","targetHints":{"allow":["GET"]}}],"collection":[{"href":"https:\/\/www.sumoteks.com\/en\/wp-json\/wp\/v2\/pages"}],"about":[{"href":"https:\/\/www.sumoteks.com\/en\/wp-json\/wp\/v2\/types\/page"}],"author":[{"embeddable":true,"href":"https:\/\/www.sumoteks.com\/en\/wp-json\/wp\/v2\/users\/1"}],"replies":[{"embeddable":true,"href":"https:\/\/www.sumoteks.com\/en\/wp-json\/wp\/v2\/comments?post=69"}],"version-history":[{"count":149,"href":"https:\/\/www.sumoteks.com\/en\/wp-json\/wp\/v2\/pages\/69\/revisions"}],"predecessor-version":[{"id":9142,"href":"https:\/\/www.sumoteks.com\/en\/wp-json\/wp\/v2\/pages\/69\/revisions\/9142"}],"wp:attachment":[{"href":"https:\/\/www.sumoteks.com\/en\/wp-json\/wp\/v2\/media?parent=69"}],"curies":[{"name":"wp","href":"https:\/\/api.w.org\/{rel}","templated":true}]}}