{"id":7167,"date":"2025-07-16T10:55:57","date_gmt":"2025-07-16T07:55:57","guid":{"rendered":"https:\/\/www.sumoteks.com\/?page_id=7167"},"modified":"2025-07-30T08:55:53","modified_gmt":"2025-07-30T05:55:53","slug":"sertifikalar-ve-lisanslar","status":"publish","type":"page","link":"https:\/\/www.sumoteks.com\/en\/sertifikalar-ve-lisanslar\/","title":{"rendered":"Certificates and Licenses"},"content":{"rendered":"<div data-elementor-type=\"wp-page\" data-elementor-id=\"7167\" class=\"elementor elementor-7167\" data-elementor-post-type=\"page\">\n\t\t\t\t<div class=\"elementor-element elementor-element-f602506 e-flex e-con-boxed e-con e-parent\" data-id=\"f602506\" data-element_type=\"container\">\n\t\t\t\t\t<div class=\"e-con-inner\">\n\t\t<div class=\"elementor-element elementor-element-bad6434 e-con-full e-flex e-con e-child\" data-id=\"bad6434\" data-element_type=\"container\">\n\t\t<div class=\"elementor-element elementor-element-e857c41 e-con-full e-flex e-con e-child\" data-id=\"e857c41\" data-element_type=\"container\">\n\t\t\t\t<div class=\"elementor-element elementor-element-1fd55a9 animated-fast elementor-invisible elementor-widget elementor-widget-heading\" data-id=\"1fd55a9\" data-element_type=\"widget\" data-settings=\"{&quot;_animation&quot;:&quot;fadeInLeft&quot;}\" data-widget_type=\"heading.default\">\n\t\t\t\t<div class=\"elementor-widget-container\">\n\t\t\t\t\t<h2 class=\"elementor-heading-title elementor-size-default\">SEDEX \u00dcyeli\u011fi<\/h2>\t\t\t\t<\/div>\n\t\t\t\t<\/div>\n\t\t\t\t<div class=\"elementor-element elementor-element-962e04c elementor-widget__width-inherit animated-fast elementor-invisible elementor-widget elementor-widget-text-editor\" data-id=\"962e04c\" data-element_type=\"widget\" data-settings=\"{&quot;_animation&quot;:&quot;fadeInLeft&quot;}\" data-widget_type=\"text-editor.default\">\n\t\t\t\t<div class=\"elementor-widget-container\">\n\t\t\t\t\t\t\t\t\t<p>Sumoteks, k\u00fcresel tedarik zincirlerinde etik ticaretin desteklenmesi amac\u0131yla faaliyet g\u00f6steren SEDEX (Supplier Ethical Data Exchange) platformuna \u00fcyedir. Bu \u00fcyelik, i\u015f eti\u011fi, i\u015f sa\u011fl\u0131\u011f\u0131 ve g\u00fcvenli\u011fi, \u00e7evresel performans ve \u00e7al\u0131\u015fma ko\u015fullar\u0131 gibi konularda \u015feffafl\u0131k ve sorumluluk anlay\u0131\u015f\u0131m\u0131z\u0131 temsil eder.<\/p>\t\t\t\t\t\t\t\t<\/div>\n\t\t\t\t<\/div>\n\t\t\t\t<\/div>\n\t\t<div class=\"elementor-element elementor-element-3e4343d e-con-full e-flex e-con e-child\" data-id=\"3e4343d\" data-element_type=\"container\">\n\t\t\t\t<div class=\"elementor-element elementor-element-8f8568e animated-fast elementor-invisible elementor-widget elementor-widget-heading\" data-id=\"8f8568e\" data-element_type=\"widget\" data-settings=\"{&quot;_animation&quot;:&quot;fadeInLeft&quot;}\" data-widget_type=\"heading.default\">\n\t\t\t\t<div class=\"elementor-widget-container\">\n\t\t\t\t\t<h2 class=\"elementor-heading-title elementor-size-default\">OCS \u2013 Organic Content Standard Sertifikas\u0131<\/h2>\t\t\t\t<\/div>\n\t\t\t\t<\/div>\n\t\t\t\t<div class=\"elementor-element elementor-element-8794a86 elementor-widget__width-inherit animated-fast elementor-invisible elementor-widget elementor-widget-text-editor\" data-id=\"8794a86\" data-element_type=\"widget\" data-settings=\"{&quot;_animation&quot;:&quot;fadeInLeft&quot;}\" data-widget_type=\"text-editor.default\">\n\t\t\t\t<div class=\"elementor-widget-container\">\n\t\t\t\t\t\t\t\t\t<p>OCS Sertifikas\u0131, \u00fcr\u00fcnlerimizde kullan\u0131lan organik i\u00e7eriklerin tedarik zinciri boyunca izlenebilirli\u011fini sa\u011flar. Bu belge, organik malzeme kullan\u0131m\u0131n\u0131n do\u011frulu\u011funu garanti eder ve s\u00fcrd\u00fcr\u00fclebilir \u00fcretim anlay\u0131\u015f\u0131m\u0131z\u0131 belgelendirir.<\/p>\t\t\t\t\t\t\t\t<\/div>\n\t\t\t\t<\/div>\n\t\t\t\t<\/div>\n\t\t<div class=\"elementor-element elementor-element-497f8e0 e-con-full e-flex e-con e-child\" data-id=\"497f8e0\" data-element_type=\"container\">\n\t\t\t\t<div class=\"elementor-element elementor-element-1c40913 animated-fast elementor-invisible elementor-widget elementor-widget-heading\" data-id=\"1c40913\" data-element_type=\"widget\" data-settings=\"{&quot;_animation&quot;:&quot;fadeInLeft&quot;}\" data-widget_type=\"heading.default\">\n\t\t\t\t<div class=\"elementor-widget-container\">\n\t\t\t\t\t<h2 class=\"elementor-heading-title elementor-size-default\">RCS \u2013 Recycled Claim Standard Sertifikas\u0131<\/h2>\t\t\t\t<\/div>\n\t\t\t\t<\/div>\n\t\t\t\t<div class=\"elementor-element elementor-element-7185924 elementor-widget__width-inherit animated-fast elementor-invisible elementor-widget elementor-widget-text-editor\" data-id=\"7185924\" data-element_type=\"widget\" data-settings=\"{&quot;_animation&quot;:&quot;fadeInLeft&quot;}\" data-widget_type=\"text-editor.default\">\n\t\t\t\t<div class=\"elementor-widget-container\">\n\t\t\t\t\t\t\t\t\t<p>RCS Sertifikas\u0131, geri d\u00f6n\u00fc\u015ft\u00fcr\u00fclm\u00fc\u015f malzeme kullan\u0131m\u0131n\u0131n belgelendirilmesini sa\u011flar. Geri d\u00f6n\u00fc\u015ft\u00fcr\u00fclm\u00fc\u015f liflerin ve hammaddelerin \u00fcretimden sevkiyata kadar olan s\u00fcrecini takip ederek \u00e7evre dostu \u00fcretimi destekler.<\/p>\t\t\t\t\t\t\t\t<\/div>\n\t\t\t\t<\/div>\n\t\t\t\t<\/div>\n\t\t<div class=\"elementor-element elementor-element-d41308d e-con-full e-flex e-con e-child\" data-id=\"d41308d\" data-element_type=\"container\">\n\t\t\t\t<div class=\"elementor-element elementor-element-1c23980 animated-fast elementor-invisible elementor-widget elementor-widget-heading\" data-id=\"1c23980\" data-element_type=\"widget\" data-settings=\"{&quot;_animation&quot;:&quot;fadeInLeft&quot;}\" data-widget_type=\"heading.default\">\n\t\t\t\t<div class=\"elementor-widget-container\">\n\t\t\t\t\t<h2 class=\"elementor-heading-title elementor-size-default\">FEM \u2013 Facility Environmental Module Verified<\/h2>\t\t\t\t<\/div>\n\t\t\t\t<\/div>\n\t\t\t\t<div class=\"elementor-element elementor-element-e8c7ee4 elementor-widget__width-inherit animated-fast elementor-invisible elementor-widget elementor-widget-text-editor\" data-id=\"e8c7ee4\" data-element_type=\"widget\" data-settings=\"{&quot;_animation&quot;:&quot;fadeInLeft&quot;}\" data-widget_type=\"text-editor.default\">\n\t\t\t\t<div class=\"elementor-widget-container\">\n\t\t\t\t\t\t\t\t\t<p>Higg Index FEM do\u011frulamas\u0131, tesisimizin \u00e7evresel etkilerini \u00f6l\u00e7en ve y\u00f6neten s\u00fcrd\u00fcr\u00fclebilirlik performans\u0131n\u0131 yans\u0131t\u0131r. Enerji, su, at\u0131k, kimyasal ve emisyon y\u00f6netiminde \u015feffafl\u0131k ve s\u00fcrekli geli\u015fim taahh\u00fcd\u00fcm\u00fcz\u00fc belgeleyen bu do\u011frulama, \u00e7evre bilinciyle \u00fcretim yapt\u0131\u011f\u0131m\u0131z\u0131n kan\u0131t\u0131d\u0131r.<\/p>\t\t\t\t\t\t\t\t<\/div>\n\t\t\t\t<\/div>\n\t\t\t\t<\/div>\n\t\t\t\t<\/div>\n\t\t<div class=\"elementor-element elementor-element-e93e7ec e-con-full e-flex e-con e-child\" data-id=\"e93e7ec\" data-element_type=\"container\">\n\t\t\t\t<div class=\"elementor-element elementor-element-7e508e3 animated-fast elementor-invisible elementor-widget elementor-widget-image\" data-id=\"7e508e3\" data-element_type=\"widget\" data-settings=\"{&quot;_animation&quot;:&quot;fadeInRight&quot;}\" data-widget_type=\"image.default\">\n\t\t\t\t<div class=\"elementor-widget-container\">\n\t\t\t\t\t\t\t\t\t\t\t\t\t\t\t<img fetchpriority=\"high\" decoding=\"async\" width=\"640\" height=\"608\" src=\"https:\/\/www.sumoteks.com\/wp-content\/uploads\/2025\/07\/sertifika-lisans-2.jpg\" class=\"attachment-large size-large wp-image-7185\" alt=\"\" srcset=\"https:\/\/www.sumoteks.com\/wp-content\/uploads\/2025\/07\/sertifika-lisans-2.jpg 710w, https:\/\/www.sumoteks.com\/wp-content\/uploads\/2025\/07\/sertifika-lisans-2-300x285.jpg 300w, https:\/\/www.sumoteks.com\/wp-content\/uploads\/2025\/07\/sertifika-lisans-2-13x12.jpg 13w\" sizes=\"(max-width: 640px) 100vw, 640px\" \/>\t\t\t\t\t\t\t\t\t\t\t\t\t\t\t<\/div>\n\t\t\t\t<\/div>\n\t\t\t\t<\/div>\n\t\t\t\t\t<\/div>\n\t\t\t\t<\/div>\n\t\t<div class=\"elementor-element elementor-element-a010fef e-flex e-con-boxed e-con e-parent\" data-id=\"a010fef\" data-element_type=\"container\">\n\t\t\t\t\t<div class=\"e-con-inner\">\n\t\t<div class=\"elementor-element elementor-element-a708133 e-con-full e-flex e-con e-child\" data-id=\"a708133\" data-element_type=\"container\">\n\t\t\t\t<div class=\"elementor-element elementor-element-f60a05e animated-fast elementor-invisible elementor-widget elementor-widget-image\" data-id=\"f60a05e\" data-element_type=\"widget\" data-settings=\"{&quot;_animation&quot;:&quot;fadeInLeft&quot;}\" data-widget_type=\"image.default\">\n\t\t\t\t<div class=\"elementor-widget-container\">\n\t\t\t\t\t\t\t\t\t\t\t\t\t\t\t<img decoding=\"async\" width=\"640\" height=\"608\" src=\"https:\/\/www.sumoteks.com\/wp-content\/uploads\/2025\/07\/sertifka-ve-lisans.jpg\" class=\"attachment-large size-large wp-image-7184\" alt=\"\" srcset=\"https:\/\/www.sumoteks.com\/wp-content\/uploads\/2025\/07\/sertifka-ve-lisans.jpg 710w, https:\/\/www.sumoteks.com\/wp-content\/uploads\/2025\/07\/sertifka-ve-lisans-300x285.jpg 300w, https:\/\/www.sumoteks.com\/wp-content\/uploads\/2025\/07\/sertifka-ve-lisans-13x12.jpg 13w\" sizes=\"(max-width: 640px) 100vw, 640px\" \/>\t\t\t\t\t\t\t\t\t\t\t\t\t\t\t<\/div>\n\t\t\t\t<\/div>\n\t\t\t\t<\/div>\n\t\t<div class=\"elementor-element elementor-element-26f6f4e e-con-full e-flex e-con e-child\" data-id=\"26f6f4e\" data-element_type=\"container\">\n\t\t<div class=\"elementor-element elementor-element-f4790f5 e-con-full e-flex e-con e-child\" data-id=\"f4790f5\" data-element_type=\"container\">\n\t\t\t\t<div class=\"elementor-element elementor-element-d43de52 animated-fast elementor-invisible elementor-widget elementor-widget-heading\" data-id=\"d43de52\" data-element_type=\"widget\" data-settings=\"{&quot;_animation&quot;:&quot;fadeInRight&quot;}\" data-widget_type=\"heading.default\">\n\t\t\t\t<div class=\"elementor-widget-container\">\n\t\t\t\t\t<h2 class=\"elementor-heading-title elementor-size-default\">SLCP \u2013 Social &amp; Labour Convergence Project Verified<\/h2>\t\t\t\t<\/div>\n\t\t\t\t<\/div>\n\t\t\t\t<div class=\"elementor-element elementor-element-05b0d84 elementor-widget__width-inherit animated-fast elementor-invisible elementor-widget elementor-widget-text-editor\" data-id=\"05b0d84\" data-element_type=\"widget\" data-settings=\"{&quot;_animation&quot;:&quot;fadeInRight&quot;}\" data-widget_type=\"text-editor.default\">\n\t\t\t\t<div class=\"elementor-widget-container\">\n\t\t\t\t\t\t\t\t\t<p>SLCP Do\u011frulamas\u0131, \u00e7al\u0131\u015fan haklar\u0131na sayg\u0131l\u0131, adil ve g\u00fcvenli \u00e7al\u0131\u015fma ko\u015fullar\u0131n\u0131n sa\u011fland\u0131\u011f\u0131n\u0131 g\u00f6steren bir de\u011ferlendirme sistemidir. Sumoteks, sosyal uygunluk alan\u0131nda uluslararas\u0131 standartlara tam uyum g\u00f6stermekte ve s\u00fcrekli geli\u015fimi desteklemektedir.<\/p>\t\t\t\t\t\t\t\t<\/div>\n\t\t\t\t<\/div>\n\t\t\t\t<\/div>\n\t\t<div class=\"elementor-element elementor-element-6127363 e-con-full e-flex e-con e-child\" data-id=\"6127363\" data-element_type=\"container\">\n\t\t\t\t<div class=\"elementor-element elementor-element-8b75f12 animated-fast elementor-invisible elementor-widget elementor-widget-heading\" data-id=\"8b75f12\" data-element_type=\"widget\" data-settings=\"{&quot;_animation&quot;:&quot;fadeInRight&quot;}\" data-widget_type=\"heading.default\">\n\t\t\t\t<div class=\"elementor-widget-container\">\n\t\t\t\t\t<h2 class=\"elementor-heading-title elementor-size-default\">Lisanslar\u0131m\u0131z<\/h2>\t\t\t\t<\/div>\n\t\t\t\t<\/div>\n\t\t\t\t<div class=\"elementor-element elementor-element-a649929 elementor-widget__width-inherit animated-fast elementor-invisible elementor-widget elementor-widget-text-editor\" data-id=\"a649929\" data-element_type=\"widget\" data-settings=\"{&quot;_animation&quot;:&quot;fadeInRight&quot;}\" data-widget_type=\"text-editor.default\">\n\t\t\t\t<div class=\"elementor-widget-container\">\n\t\t\t\t\t\t\t\t\t<section id=\"lisanslar\" style=\"font-family: Arial, sans-serif; padding: 20px; line-height: 1.6;\"><p>Sumoteks, d\u00fcnya \u00e7ap\u0131nda tan\u0131nan markalarla i\u015f birli\u011fi i\u00e7inde <strong>lisansl\u0131 \u00fcretim<\/strong> ger\u00e7ekle\u015ftirme yetkisine sahiptir:<\/p><ul style=\"list-style-type: disc; padding-left: 20px;\"><li><strong>Disney FAMA<\/strong> (Facility and Merchandise Authorization)<\/li><li><strong>LEGO Lisans\u0131<\/strong><\/li><li><strong>Hasbro Lisans\u0131<\/strong><\/li><li><strong>BLUEY (BBC) Lisans\u0131<\/strong><\/li><\/ul><p>Bu lisanslar, markalar\u0131n belirledi\u011fi <strong>s\u0131k\u0131 kalite, g\u00fcvenlik<\/strong> ve <strong>etik \u00fcretim<\/strong> standartlar\u0131n\u0131 kar\u015f\u0131lad\u0131\u011f\u0131m\u0131z\u0131 g\u00f6stermektedir.<\/p><\/section>\t\t\t\t\t\t\t\t<\/div>\n\t\t\t\t<\/div>\n\t\t\t\t<\/div>\n\t\t<div class=\"elementor-element elementor-element-c98ab86 e-con-full e-flex e-con e-child\" data-id=\"c98ab86\" data-element_type=\"container\">\n\t\t\t\t<div class=\"elementor-element elementor-element-c802587 animated-fast elementor-invisible elementor-widget elementor-widget-heading\" data-id=\"c802587\" data-element_type=\"widget\" data-settings=\"{&quot;_animation&quot;:&quot;fadeInRight&quot;}\" data-widget_type=\"heading.default\">\n\t\t\t\t<div class=\"elementor-widget-container\">\n\t\t\t\t\t<h2 class=\"elementor-heading-title elementor-size-default\">ZDHC Incheck\n<\/h2>\t\t\t\t<\/div>\n\t\t\t\t<\/div>\n\t\t\t\t<div class=\"elementor-element elementor-element-92160d2 elementor-widget__width-inherit animated-fast elementor-invisible elementor-widget elementor-widget-text-editor\" data-id=\"92160d2\" data-element_type=\"widget\" data-settings=\"{&quot;_animation&quot;:&quot;fadeInRight&quot;}\" data-widget_type=\"text-editor.default\">\n\t\t\t\t<div class=\"elementor-widget-container\">\n\t\t\t\t\t\t\t\t\t<p>Zero Discharge of Hazardous Chemicals (ZDHC) Incheck program\u0131 kapsam\u0131nda t\u00fcm kimyasal y\u00f6netim s\u00fcre\u00e7lerimiz kontrol alt\u0131ndad\u0131r. ZDHC Gateway\u2019de Level 3 d\u00fczeyinde kay\u0131tl\u0131 pozitif kimyasallar kullan\u0131larak \u00e7evre ve insan sa\u011fl\u0131\u011f\u0131na duyarl\u0131 \u00fcretim sa\u011flanmaktad\u0131r.<\/p>\t\t\t\t\t\t\t\t<\/div>\n\t\t\t\t<\/div>\n\t\t\t\t<\/div>\n\t\t\t\t<\/div>\n\t\t\t\t\t<\/div>\n\t\t\t\t<\/div>\n\t\t\t\t<\/div>","protected":false},"excerpt":{"rendered":"<p>SEDEX \u00dcyeli\u011fi Sumoteks, k\u00fcresel tedarik zincirlerinde etik ticaretin desteklenmesi amac\u0131yla faaliyet g\u00f6steren SEDEX (Supplier Ethical Data Exchange) platformuna \u00fcyedir. Bu \u00fcyelik, i\u015f eti\u011fi, i\u015f sa\u011fl\u0131\u011f\u0131 ve g\u00fcvenli\u011fi, \u00e7evresel performans ve \u00e7al\u0131\u015fma ko\u015fullar\u0131 gibi konularda \u015feffafl\u0131k ve sorumluluk anlay\u0131\u015f\u0131m\u0131z\u0131 temsil eder. OCS \u2013 Organic Content Standard Sertifikas\u0131 OCS Sertifikas\u0131, \u00fcr\u00fcnlerimizde kullan\u0131lan organik i\u00e7eriklerin tedarik zinciri boyunca [&hellip;]<\/p>","protected":false},"author":1,"featured_media":0,"parent":0,"menu_order":0,"comment_status":"closed","ping_status":"closed","template":"elementor_header_footer","meta":{"inline_featured_image":false,"footnotes":""},"class_list":["post-7167","page","type-page","status-publish","hentry"],"_links":{"self":[{"href":"https:\/\/www.sumoteks.com\/en\/wp-json\/wp\/v2\/pages\/7167","targetHints":{"allow":["GET"]}}],"collection":[{"href":"https:\/\/www.sumoteks.com\/en\/wp-json\/wp\/v2\/pages"}],"about":[{"href":"https:\/\/www.sumoteks.com\/en\/wp-json\/wp\/v2\/types\/page"}],"author":[{"embeddable":true,"href":"https:\/\/www.sumoteks.com\/en\/wp-json\/wp\/v2\/users\/1"}],"replies":[{"embeddable":true,"href":"https:\/\/www.sumoteks.com\/en\/wp-json\/wp\/v2\/comments?post=7167"}],"version-history":[{"count":40,"href":"https:\/\/www.sumoteks.com\/en\/wp-json\/wp\/v2\/pages\/7167\/revisions"}],"predecessor-version":[{"id":8818,"href":"https:\/\/www.sumoteks.com\/en\/wp-json\/wp\/v2\/pages\/7167\/revisions\/8818"}],"wp:attachment":[{"href":"https:\/\/www.sumoteks.com\/en\/wp-json\/wp\/v2\/media?parent=7167"}],"curies":[{"name":"wp","href":"https:\/\/api.w.org\/{rel}","templated":true}]}}