{"id":9605,"date":"2025-08-15T22:13:35","date_gmt":"2025-08-15T19:13:35","guid":{"rendered":"https:\/\/www.sumoteks.com\/?page_id=9605"},"modified":"2025-08-18T10:16:03","modified_gmt":"2025-08-18T07:16:03","slug":"surdurulebilirlik","status":"publish","type":"page","link":"https:\/\/www.sumoteks.com\/en\/surdurulebilirlik\/","title":{"rendered":"Sustainability"},"content":{"rendered":"<div data-elementor-type=\"wp-page\" data-elementor-id=\"9605\" class=\"elementor elementor-9605\" data-elementor-post-type=\"page\">\n\t\t\t\t<div class=\"elementor-element elementor-element-fae7a7e e-con-full e-flex e-con e-parent\" data-id=\"fae7a7e\" data-element_type=\"container\">\n\t\t\t\t<div class=\"elementor-element elementor-element-2959d86 elementor-widget elementor-widget-tx_service_section elh-el tx_service_section\" data-id=\"2959d86\" data-element_type=\"widget\" data-settings=\"{&quot;design_style&quot;:&quot;style_4&quot;}\" data-widget_type=\"tx_service_section.default\">\n\t\t\t\t<div class=\"elementor-widget-container\">\n\t\t\t\t\t<section class=\"bs-work-5-area wa-bg-default pt-135 pb-170 tx-section\" data-background=\"https:\/\/www.sumoteks.com\/wp-content\/uploads\/2025\/08\/bg-surdurulebilirlik.jpg\">\r\n    <div class=\"container bs-container-2\">\r\n\r\n        <!-- section-title -->\r\n        <div class=\"bs-work-5-sec-title mb-90\">\r\n                        <h6 class=\"bs-subtitle-5 wa-capitalize\">\r\n                                                <span class=\"wa-split-right\">Sustainability <br> Journey <\/span>\r\n                            <\/h6>\r\n                        <h2 class=\"tx-title bs-sec-title-4 wa-split-right wa-capitalize\" data-cursor=\"-opaque\">At Sumoteks, we view sustainability not merely as a goal, but as an integral part of our entire business strategy. By integrating environmental, social, and governance principles into every stage of production, we aim to be a pioneering and inspiring institution in our industry.\n\n<\/h2>\r\n                <\/div>\r\n\r\n        <!-- cards -->\r\n        <div class=\"bs-work-5-wrap\">\r\n            <!-- single-card -->\r\n                        <div class=\"bs-work-5-card has-ani-up\">\r\n                \r\n                                <h4 class=\"bs-h-1 title\"><a href=\"\/en\/cevresel-surdurulebilirlik\/\">Environmental Sustainability<\/a><\/h4>\r\n                \r\n                                <p class=\"bs-p-4 disc\">\r\n                    We minimize our environmental impact through solar energy, water conservation, and waste management.\n<br> <br> \n<a href=\"\/en\/cevresel-surdurulebilirlik\/\"> <b>Click for details<\/b><\/a>                <\/p>\r\n                \r\n                                <h5 class=\"bs-h-1 number\">01<\/h5>\r\n                            <\/div>\r\n                        <div class=\"bs-work-5-card has-ani-down\">\r\n                \r\n                                <h4 class=\"bs-h-1 title\"><a href=\"\/en\/sosyal-surdurulebilirlik\/\">Social Sustainability<\/a><\/h4>\r\n                \r\n                                <p class=\"bs-p-4 disc\">\r\n                    We operate fair, safe, and inclusive production processes for the benefit of our employees, suppliers, and society.\n<br> <br> \n<a href=\"\/en\/sosyal-surdurulebilirlik\/\">Click for details<\/a>                <\/p>\r\n                \r\n                                <h5 class=\"bs-h-1 number\">02<\/h5>\r\n                            <\/div>\r\n                        <div class=\"bs-work-5-card has-ani-up\">\r\n                \r\n                                <h4 class=\"bs-h-1 title\"><a href=\"\/en\/kurumsal-sosyal-sorumluluk\/\">Corporate Social Responsibility<\/a><\/h4>\r\n                \r\n                                <p class=\"bs-p-4 disc\">\r\n                    We add value to society and the environment through our zero waste goal, chemical safety, and recycling projects.\n<br> <br> \n<a href=\"\/en\/kurumsal-sosyal-sorumluluk\/\">Click for details<\/a>                <\/p>\r\n                \r\n                                <h5 class=\"bs-h-1 number\">03<\/h5>\r\n                            <\/div>\r\n                        <div class=\"bs-work-5-card has-ani-down\">\r\n                \r\n                                <h4 class=\"bs-h-1 title\"><a href=\"\/en\/kurumsal-yonetisim-ve-etik-yaklasim\/\">Corporate Governance and Ethical Approach<\/a><\/h4>\r\n                \r\n                                <p class=\"bs-p-4 disc\">\r\n                    We keep our word with transparent, traceable, and ethical business processes, becoming a reliable business partner.\n\n<br> <br> \n<a href=\"\/en\/kurumsal-yonetisim-ve-etik-yaklasim\/\">Click for details<\/a>                <\/p>\r\n                \r\n                                <h5 class=\"bs-h-1 number\">04<\/h5>\r\n                            <\/div>\r\n                    <\/div>\r\n    <\/div>\r\n<\/section>\t\t\t\t<\/div>\n\t\t\t\t<\/div>\n\t\t\t\t<\/div>\n\t\t\t\t<section class=\"elementor-section elementor-top-section elementor-element elementor-element-cc5cd94 elementor-section-full_width p-0 elementor-section-height-default elementor-section-height-default\" data-id=\"cc5cd94\" data-element_type=\"section\">\n\t\t\t\t\t\t<div class=\"elementor-container elementor-column-gap-no\">\n\t\t\t\t\t<div class=\"elementor-column elementor-col-100 elementor-top-column elementor-element elementor-element-b8aea9f p-0\" data-id=\"b8aea9f\" data-element_type=\"column\">\n\t\t\t<div class=\"elementor-widget-wrap elementor-element-populated\">\n\t\t\t\t\t\t<div class=\"elementor-element elementor-element-def1d95 elementor-widget elementor-widget-tx_about elh-el tx_about\" data-id=\"def1d95\" data-element_type=\"widget\" data-settings=\"{&quot;design_style&quot;:&quot;style_3&quot;}\" data-widget_type=\"tx_about.default\">\n\t\t\t\t<div class=\"elementor-widget-container\">\n\t\t\t\t\t<section class=\"bs-choose-4-area wa-bg-default wa-fix pb-120 tx-section\" data-background=\"https:\/\/www.sumoteks.com\/wp-content\/uploads\/2025\/05\/12731.jpg\">\r\n    <div class=\"container bs-container-2\">\r\n        <div class=\"bs-choose-4-wrap\">\r\n            <div class=\"bs-choose-4-content-height\">\r\n                <!-- left-content -->\r\n                <div class=\"bs-choose-4-content-pin\">\r\n                    <div class=\"bs-choose-4-content\">\r\n                                                <h5 class=\"bs-subtitle-4 bs-choose-4-subtitle\">\r\n                                                        <span class=\"text\">Sumoteks<\/span>\r\n                            \r\n                                                    <\/h5>\r\n                        \r\n                        <h2 class=\"tx-title bs-sec-title-4 title wa-split-right wa-capitalize\" data-cursor=\"-opaque\">We Don't Forget to Protect Nature While Dressing the Future<\/h2>                                                <p class=\"bs-p-4 disc wa-fadeInUp tx-description\">Dressing the Future While Protecting Nature\n\nAt Sumoteks, we produce with both today and tomorrow in mind. While providing healthy clothing for children and babies, we also take on the responsibility of making the world a more livable place. Therefore, sustainability is not just a goal, but at the core of our business model.<\/p>\r\n                        \r\n                                            <\/div>\r\n                <\/div>\r\n            <\/div>\r\n\r\n            <!-- right-play-btn -->\r\n                        <div class=\"bs-choose-4-right d-flex justify-content-center align-items-center\">\r\n                <a href=\"https:\/\/www.youtube.com\/watch?v=dLHJC74F7Gs\" aria-label=\"name\" class=\"bs-play-btn-4 wa-magnetic popup-video\">\r\n                    <span class=\"icon wa-magnetic-btn\">\r\n                        <i class=\"flaticon-play flaticon\"><\/i>\r\n                    <\/span>\r\n                <\/a>\r\n            <\/div>\r\n                    <\/div>\r\n\r\n                <div class=\"bs-choose-4-feature\">\r\n                        <div class=\"item-margin\">\r\n                <div class=\"bs-choose-4-feature-single\">\r\n                                        <div class=\"icon\">\r\n                                                    <i aria-hidden=\"true\" class=\"flaticon flaticon-minimalist\"><\/i>                                            <\/div>\r\n                    \r\n                                        <h4 class=\"bs-h-4 title\">\r\n                        <a href=\"#\"\r\n                        target=\"_self\"\r\n                        rel=\"\" aria-label=\"name\">\r\n                             Smart Material Selection                        <\/a>\r\n                    <\/h4>\r\n                    \r\n                                        <p class=\"bs-p-4 disc\"> We prioritize eco-friendly, recyclable, and natural fabrics in our products. By avoiding harmful chemicals, we protect children's health and the future of the world.<\/p>\r\n                                    <\/div>\r\n            <\/div>\r\n                        <div class=\"item-margin\">\r\n                <div class=\"bs-choose-4-feature-single\">\r\n                                        <div class=\"icon\">\r\n                                                    <i aria-hidden=\"true\" class=\"flaticon flaticon-blueprint\"><\/i>                                            <\/div>\r\n                    \r\n                                        <h4 class=\"bs-h-4 title\">\r\n                        <a href=\"#\"\r\n                        target=\"_self\"\r\n                        rel=\"\" aria-label=\"name\">\r\n                            Waste Management and Efficiency                        <\/a>\r\n                    <\/h4>\r\n                    \r\n                                        <p class=\"bs-p-4 disc\">At our modern production facility in G\u00f6lc\u00fck, Kocaeli, we have established specialized systems to minimize waste generated during our production processes. By increasing efficiency in energy and raw material usage, we are reducing our impact on the environment.<\/p>\r\n                                    <\/div>\r\n            <\/div>\r\n                        <div class=\"item-margin\">\r\n                <div class=\"bs-choose-4-feature-single\">\r\n                                        <div class=\"icon\">\r\n                                                    <i aria-hidden=\"true\" class=\"flaticon flaticon-property-insurance\"><\/i>                                            <\/div>\r\n                    \r\n                                        <h4 class=\"bs-h-4 title\">\r\n                        <a href=\"#\"\r\n                        target=\"_self\"\r\n                        rel=\"\" aria-label=\"name\">\r\n                            We're Reducing Our Carbon Footprint                        <\/a>\r\n                    <\/h4>\r\n                    \r\n                                        <p class=\"bs-p-4 disc\">We operate with the goal of producing more with less energy. We invest in renewable energy solutions and work with our supply chain to reduce our carbon footprint.\n\n<\/p>\r\n                                    <\/div>\r\n            <\/div>\r\n                        <div class=\"item-margin\">\r\n                <div class=\"bs-choose-4-feature-single\">\r\n                                        <div class=\"icon\">\r\n                                                    <i aria-hidden=\"true\" class=\"flaticon flaticon-goodwill-1\"><\/i>                                            <\/div>\r\n                    \r\n                                        <h4 class=\"bs-h-4 title\">\r\n                        <a href=\"#\"\r\n                        target=\"_self\"\r\n                        rel=\"\" aria-label=\"name\">\r\n                            A Responsible Future                        <\/a>\r\n                    <\/h4>\r\n                    \r\n                                        <p class=\"bs-p-4 disc\">Our sustainability policy is not limited to production alone. We demonstrate a responsible approach towards nature and society in all processes, from our employees to our suppliers, and from our business partners to our customers.<\/p>\r\n                                    <\/div>\r\n            <\/div>\r\n                    <\/div>\r\n            <\/div>\r\n<\/section>\t\t\t\t<\/div>\n\t\t\t\t<\/div>\n\t\t\t\t\t<\/div>\n\t\t<\/div>\n\t\t\t\t\t<\/div>\n\t\t<\/section>\n\t\t\t\t<\/div>","protected":false},"excerpt":{"rendered":"<p>S\u00fcrd\u00fcr\u00fclebilirlik Yolculu\u011fumuz Sumoteks olarak s\u00fcrd\u00fcr\u00fclebilirli\u011fi sadece bir hedef de\u011fil, t\u00fcm i\u015f stratejimizin ayr\u0131lmaz bir unsuru olarak g\u00f6r\u00fcyoruz. \u00dcretimin her a\u015famas\u0131na entegre etti\u011fimiz \u00e7evresel, sosyal ve y\u00f6neti\u015fim ilkeleri do\u011frultusunda, sekt\u00f6r\u00fcm\u00fczde \u00f6nc\u00fc ve ilham verici bir kurum olmay\u0131 hedefliyoruz. \u00c7evresel S\u00fcrd\u00fcr\u00fclebilirlik G\u00fcne\u015f enerjisi, su tasarrufu ve at\u0131k y\u00f6netimiyle \u00e7evresel etkilerimizi minimuma indiriyoruz. Detay i\u00e7in t\u0131klay\u0131n\u0131z 01 Sosyal [&hellip;]<\/p>","protected":false},"author":1,"featured_media":0,"parent":0,"menu_order":0,"comment_status":"closed","ping_status":"closed","template":"elementor_header_footer","meta":{"inline_featured_image":false,"footnotes":""},"class_list":["post-9605","page","type-page","status-publish","hentry"],"_links":{"self":[{"href":"https:\/\/www.sumoteks.com\/en\/wp-json\/wp\/v2\/pages\/9605","targetHints":{"allow":["GET"]}}],"collection":[{"href":"https:\/\/www.sumoteks.com\/en\/wp-json\/wp\/v2\/pages"}],"about":[{"href":"https:\/\/www.sumoteks.com\/en\/wp-json\/wp\/v2\/types\/page"}],"author":[{"embeddable":true,"href":"https:\/\/www.sumoteks.com\/en\/wp-json\/wp\/v2\/users\/1"}],"replies":[{"embeddable":true,"href":"https:\/\/www.sumoteks.com\/en\/wp-json\/wp\/v2\/comments?post=9605"}],"version-history":[{"count":69,"href":"https:\/\/www.sumoteks.com\/en\/wp-json\/wp\/v2\/pages\/9605\/revisions"}],"predecessor-version":[{"id":9740,"href":"https:\/\/www.sumoteks.com\/en\/wp-json\/wp\/v2\/pages\/9605\/revisions\/9740"}],"wp:attachment":[{"href":"https:\/\/www.sumoteks.com\/en\/wp-json\/wp\/v2\/media?parent=9605"}],"curies":[{"name":"wp","href":"https:\/\/api.w.org\/{rel}","templated":true}]}}