{"id":9702,"date":"2025-08-18T09:53:47","date_gmt":"2025-08-18T06:53:47","guid":{"rendered":"https:\/\/www.sumoteks.com\/?page_id=9702"},"modified":"2025-08-18T10:01:05","modified_gmt":"2025-08-18T07:01:05","slug":"sosyal-surdurulebilirlik","status":"publish","type":"page","link":"https:\/\/www.sumoteks.com\/en\/sosyal-surdurulebilirlik\/","title":{"rendered":"Social Sustainability"},"content":{"rendered":"<div data-elementor-type=\"wp-page\" data-elementor-id=\"9702\" class=\"elementor elementor-9702\" data-elementor-post-type=\"page\">\n\t\t\t\t<div class=\"elementor-element elementor-element-df04861 e-flex e-con-boxed e-con e-parent\" data-id=\"df04861\" data-element_type=\"container\">\n\t\t\t\t\t<div class=\"e-con-inner\">\n\t\t<div class=\"elementor-element elementor-element-2112d91 e-con-full e-flex e-con e-child\" data-id=\"2112d91\" data-element_type=\"container\">\n\t\t\t\t<div class=\"elementor-element elementor-element-13183ea elementor-position-left animated-fast elementor-view-default elementor-mobile-position-top elementor-invisible elementor-widget elementor-widget-icon-box\" data-id=\"13183ea\" data-element_type=\"widget\" data-settings=\"{&quot;_animation&quot;:&quot;fadeInLeft&quot;}\" data-widget_type=\"icon-box.default\">\n\t\t\t\t<div class=\"elementor-widget-container\">\n\t\t\t\t\t\t\t<div class=\"elementor-icon-box-wrapper\">\n\n\t\t\t\t\t\t<div class=\"elementor-icon-box-icon\">\n\t\t\t\t<span  class=\"elementor-icon\">\n\t\t\t\t<svg xmlns=\"http:\/\/www.w3.org\/2000\/svg\" xmlns:xlink=\"http:\/\/www.w3.org\/1999\/xlink\" width=\"512\" height=\"512\" x=\"0\" y=\"0\" viewbox=\"0 0 682.667 682.667\" style=\"enable-background:new 0 0 512 512\" xml:space=\"preserve\" class=\"\">  <g>    <defs>      <clippath id=\"a\">        <path d=\"M0 512h512V0H0Z\" fill=\"#ed1c24\" opacity=\"1\" data-original=\"#000000\"><\/path>      <\/clippath>    <\/defs>    <g clip-path=\"url(#a)\" transform=\"matrix(1.33333 0 0 -1.33333 0 682.667)\">      <path d=\"m0 0-10.853 9.306a10.146 10.146 0 0 0-3.542 7.703v5.773c0 4.135 2.509 7.857 6.342 9.406l67.761 27.414a20.014 20.014 0 0 1 12.51 18.554v38.361a20.016 20.016 0 0 0 10.76 17.748l48.446 25.266\" style=\"stroke-width:15;stroke-linecap:round;stroke-linejoin:round;stroke-miterlimit:10;stroke-dasharray:none;stroke-opacity:1\" transform=\"translate(258.54 257.284)\" fill=\"none\" stroke=\"#ed1c24\" stroke-width=\"15\" stroke-linecap=\"round\" stroke-linejoin=\"round\" stroke-miterlimit=\"10\" stroke-dasharray=\"none\" stroke-opacity=\"\" data-original=\"#000000\" opacity=\"1\" class=\"\"><\/path>      <path d=\"m0 0 7.229-6.2a29.077 29.077 0 0 0 9.491-28.24L5.58-85.71\" style=\"stroke-width:15;stroke-linecap:round;stroke-linejoin:round;stroke-miterlimit:10;stroke-dasharray:none;stroke-opacity:1\" transform=\"translate(285.11 234.502)\" fill=\"none\" stroke=\"#ed1c24\" stroke-width=\"15\" stroke-linecap=\"round\" stroke-linejoin=\"round\" stroke-miterlimit=\"10\" stroke-dasharray=\"none\" stroke-opacity=\"\" data-original=\"#000000\" opacity=\"1\" class=\"\"><\/path>      <path d=\"M0 0v-4.522c0-8.792-7.128-15.92-15.92-15.92h-5.898a15.921 15.921 0 0 1-15.095-10.861l-5.076-15.142a15.921 15.921 0 0 0-15.095-10.861c-8.793 0-15.921 7.128-15.921 15.921V0c0 8.793 7.128 15.921 15.921 15.921h41.164C-7.128 15.921 0 8.793 0 0Z\" style=\"stroke-width:15;stroke-linecap:round;stroke-linejoin:round;stroke-miterlimit:10;stroke-dasharray:none;stroke-opacity:1\" transform=\"translate(288.964 406.658)\" fill=\"none\" stroke=\"#ed1c24\" stroke-width=\"15\" stroke-linecap=\"round\" stroke-linejoin=\"round\" stroke-miterlimit=\"10\" stroke-dasharray=\"none\" stroke-opacity=\"\" data-original=\"#000000\" opacity=\"1\" class=\"\"><\/path>      <path d=\"m0 0 13.008-18.159c11.276-15.74 11.17-36.942-.264-52.569l-28.518-38.975a17.245 17.245 0 0 1-3.329-10.185v-11.892c0-10.039-8.138-18.178-18.177-18.178h-23.757\" style=\"stroke-width:15;stroke-linecap:round;stroke-linejoin:round;stroke-miterlimit:10;stroke-dasharray:none;stroke-opacity:1\" transform=\"translate(142.143 436.966)\" fill=\"none\" stroke=\"#ed1c24\" stroke-width=\"15\" stroke-linecap=\"round\" stroke-linejoin=\"round\" stroke-miterlimit=\"10\" stroke-dasharray=\"none\" stroke-opacity=\"\" data-original=\"#000000\" opacity=\"1\" class=\"\"><\/path>      <path d=\"M0 0c22.14-10.07 46.739-15.68 72.64-15.68 10.75 0 21.28.97 31.5 2.821\" style=\"stroke-width:15;stroke-linecap:round;stroke-linejoin:round;stroke-miterlimit:10;stroke-dasharray:none;stroke-opacity:1\" transform=\"translate(183.36 143.262)\" fill=\"none\" stroke=\"#ed1c24\" stroke-width=\"15\" stroke-linecap=\"round\" stroke-linejoin=\"round\" stroke-miterlimit=\"10\" stroke-dasharray=\"none\" stroke-opacity=\"\" data-original=\"#000000\" opacity=\"1\" class=\"\"><\/path>      <path d=\"M0 0c-28.64 31.24-46.12 72.891-46.12 118.63 0 29.15 7.11 56.65 19.681 80.85\" style=\"stroke-width:15;stroke-linecap:round;stroke-linejoin:round;stroke-miterlimit:10;stroke-dasharray:none;stroke-opacity:1\" transform=\"translate(126.47 184.602)\" fill=\"none\" stroke=\"#ed1c24\" stroke-width=\"15\" stroke-linecap=\"round\" stroke-linejoin=\"round\" stroke-miterlimit=\"10\" stroke-dasharray=\"none\" stroke-opacity=\"\" data-original=\"#000000\" opacity=\"1\" class=\"\"><\/path>      <path d=\"M0 0c32.2 40 81.57 65.59 136.91 65.59 97.01 0 175.651-78.641 175.651-175.641 0-60.929-31.021-114.609-78.131-146.109\" style=\"stroke-width:15;stroke-linecap:round;stroke-linejoin:round;stroke-miterlimit:10;stroke-dasharray:none;stroke-opacity:1\" transform=\"translate(119.09 413.282)\" fill=\"none\" stroke=\"#ed1c24\" stroke-width=\"15\" stroke-linecap=\"round\" stroke-linejoin=\"round\" stroke-miterlimit=\"10\" stroke-dasharray=\"none\" stroke-opacity=\"\" data-original=\"#000000\" opacity=\"1\" class=\"\"><\/path>      <path d=\"M0 0h155.2c11.409 0 20.67-9.25 20.67-20.67 0-11.41-9.261-20.67-20.67-20.67h-33.24c-11.12 0-16.391-13.7-8.141-21.149L128.89-76.1a42.606 42.606 0 0 1 28.54-10.969h64.87c10.2 0 18.46-8.271 18.46-18.46 0-3.281-.861-6.351-2.361-9.021\" style=\"stroke-width:15;stroke-linecap:round;stroke-linejoin:round;stroke-miterlimit:10;stroke-dasharray:none;stroke-opacity:1\" transform=\"translate(49.53 184.602)\" fill=\"none\" stroke=\"#ed1c24\" stroke-width=\"15\" stroke-linecap=\"round\" stroke-linejoin=\"round\" stroke-miterlimit=\"10\" stroke-dasharray=\"none\" stroke-opacity=\"\" data-original=\"#000000\" opacity=\"1\" class=\"\"><\/path>      <path d=\"M0 0h18.45c4.6 0 9.11-1.33 12.98-3.82l59.7-38.491a61.024 61.024 0 0 1 33.059-9.729h50.351\" style=\"stroke-width:15;stroke-linecap:round;stroke-linejoin:round;stroke-miterlimit:10;stroke-dasharray:none;stroke-opacity:1\" transform=\"translate(49.53 112.652)\" fill=\"none\" stroke=\"#ed1c24\" stroke-width=\"15\" stroke-linecap=\"round\" stroke-linejoin=\"round\" stroke-miterlimit=\"10\" stroke-dasharray=\"none\" stroke-opacity=\"\" data-original=\"#000000\" opacity=\"1\" class=\"\"><\/path>      <path d=\"M0 0h33.587a4.221 4.221 0 0 1 4.221 4.221v110.582a4.22 4.22 0 0 1-4.221 4.22H0a4.22 4.22 0 0 1-4.221-4.22V4.221A4.221 4.221 0 0 1 0 0Z\" style=\"stroke-width:15;stroke-linecap:round;stroke-linejoin:round;stroke-miterlimit:10;stroke-dasharray:none;stroke-opacity:1\" transform=\"translate(11.72 84.69)\" fill=\"none\" stroke=\"#ed1c24\" stroke-width=\"15\" stroke-linecap=\"round\" stroke-linejoin=\"round\" stroke-miterlimit=\"10\" stroke-dasharray=\"none\" stroke-opacity=\"\" data-original=\"#000000\" opacity=\"1\" class=\"\"><\/path>      <path d=\"M0 0h-18.451a23.968 23.968 0 0 1-12.982-3.821l-59.696-38.488a61.022 61.022 0 0 0-33.062-9.734h-13.685\" style=\"stroke-width:15;stroke-linecap:round;stroke-linejoin:round;stroke-miterlimit:10;stroke-dasharray:none;stroke-opacity:1\" transform=\"translate(462.472 85.17)\" fill=\"none\" stroke=\"#ed1c24\" stroke-width=\"15\" stroke-linecap=\"round\" stroke-linejoin=\"round\" stroke-miterlimit=\"10\" stroke-dasharray=\"none\" stroke-opacity=\"\" data-original=\"#000000\" opacity=\"1\" class=\"\"><\/path>      <path d=\"M0 0h-49.43c-10.195 0-18.46 8.265-18.46 18.46s8.265 18.46 18.46 18.46h64.879a42.574 42.574 0 0 1 28.533 10.976l15.07 13.608c8.251 7.45 2.98 21.152-8.138 21.152H17.676c-11.416 0-20.671 9.254-20.671 20.67 0 11.416 9.255 20.671 20.671 20.671h155.2\" style=\"stroke-width:15;stroke-linecap:round;stroke-linejoin:round;stroke-miterlimit:10;stroke-dasharray:none;stroke-opacity:1\" transform=\"translate(289.596 33.128)\" fill=\"none\" stroke=\"#ed1c24\" stroke-width=\"15\" stroke-linecap=\"round\" stroke-linejoin=\"round\" stroke-miterlimit=\"10\" stroke-dasharray=\"none\" stroke-opacity=\"\" data-original=\"#000000\" opacity=\"1\" class=\"\"><\/path>      <path d=\"M0 0h-33.587a4.221 4.221 0 0 0-4.221 4.221v110.582a4.22 4.22 0 0 0 4.221 4.22H0a4.22 4.22 0 0 0 4.221-4.22V4.221A4.221 4.221 0 0 0 0 0Z\" style=\"stroke-width:15;stroke-linecap:round;stroke-linejoin:round;stroke-miterlimit:10;stroke-dasharray:none;stroke-opacity:1\" transform=\"translate(500.28 57.208)\" fill=\"none\" stroke=\"#ed1c24\" stroke-width=\"15\" stroke-linecap=\"round\" stroke-linejoin=\"round\" stroke-miterlimit=\"10\" stroke-dasharray=\"none\" stroke-opacity=\"\" data-original=\"#000000\" opacity=\"1\" class=\"\"><\/path>    <\/g>  <\/g><\/svg>\t\t\t\t<\/span>\n\t\t\t<\/div>\n\t\t\t\n\t\t\t\t\t\t<div class=\"elementor-icon-box-content\">\n\n\t\t\t\t\t\t\t\t\t<h3 class=\"elementor-icon-box-title\">\n\t\t\t\t\t\t<span  >\n\t\t\t\t\t\t\tSocial <br> Sustainability\t\t\t\t\t\t<\/span>\n\t\t\t\t\t<\/h3>\n\t\t\t\t\n\t\t\t\t\n\t\t\t<\/div>\n\t\t\t\n\t\t<\/div>\n\t\t\t\t\t\t<\/div>\n\t\t\t\t<\/div>\n\t\t\t\t<div class=\"elementor-element elementor-element-02145f8 elementor-widget__width-inherit animated-fast elementor-invisible elementor-widget elementor-widget-text-editor\" data-id=\"02145f8\" data-element_type=\"widget\" data-settings=\"{&quot;_animation&quot;:&quot;fadeInRight&quot;}\" data-widget_type=\"text-editor.default\">\n\t\t\t\t<div class=\"elementor-widget-container\">\n\t\t\t\t\t\t\t\t\t<p class=\"\" data-start=\"1588\" data-end=\"1759\"><strong data-start=\"1588\" data-end=\"1618\">Fair and Safe Work<br \/><\/strong>Our employees are unionized and protected by collective bargaining agreements. Remuneration is based on the principle of equal pay for equal work.<\/p>\t\t\t\t\t\t\t\t<\/div>\n\t\t\t\t<\/div>\n\t\t\t\t<div class=\"elementor-element elementor-element-6776c1f elementor-widget__width-inherit animated-fast elementor-invisible elementor-widget elementor-widget-text-editor\" data-id=\"6776c1f\" data-element_type=\"widget\" data-settings=\"{&quot;_animation&quot;:&quot;fadeInRight&quot;}\" data-widget_type=\"text-editor.default\">\n\t\t\t\t<div class=\"elementor-widget-container\">\n\t\t\t\t\t\t\t\t\t<p><strong data-start=\"1762\" data-end=\"1793\">Women's Empowerment<\/strong>\u00a0<br \/>We support the inclusion of more women in leadership positions through our Women's Career Development Program and Women's Committee. Comprehensive policies and guidelines have been developed to prevent gender-based violence, harassment, and discrimination in the workplace, and regular employee awareness training has been implemented.<\/p>\t\t\t\t\t\t\t\t<\/div>\n\t\t\t\t<\/div>\n\t\t\t\t<div class=\"elementor-element elementor-element-52cb574 elementor-widget__width-inherit animated-fast elementor-invisible elementor-widget elementor-widget-text-editor\" data-id=\"52cb574\" data-element_type=\"widget\" data-settings=\"{&quot;_animation&quot;:&quot;fadeInRight&quot;}\" data-widget_type=\"text-editor.default\">\n\t\t\t\t<div class=\"elementor-widget-container\">\n\t\t\t\t\t\t\t\t\t<p><strong data-start=\"2127\" data-end=\"2155\">Inclusion and Diversity<br \/><\/strong>Support is provided for the recruitment, training, and social integration processes of migrant workers. Special safety representatives (safety bodies) are appointed for our disabled and pregnant employees, and occupational safety is ensured through special measures.<\/p>\t\t\t\t\t\t\t\t<\/div>\n\t\t\t\t<\/div>\n\t\t\t\t<div class=\"elementor-element elementor-element-517b922 animated-fast elementor-invisible elementor-widget elementor-widget-image\" data-id=\"517b922\" data-element_type=\"widget\" data-settings=\"{&quot;_animation&quot;:&quot;fadeInUp&quot;}\" data-widget_type=\"image.default\">\n\t\t\t\t<div class=\"elementor-widget-container\">\n\t\t\t\t\t\t\t\t\t\t\t\t\t\t\t<img fetchpriority=\"high\" decoding=\"async\" width=\"640\" height=\"419\" src=\"https:\/\/www.sumoteks.com\/wp-content\/uploads\/2025\/07\/sosyal-sorumlukuk-2-sumoteks.jpg\" class=\"attachment-large size-large wp-image-8928\" alt=\"\" srcset=\"https:\/\/www.sumoteks.com\/wp-content\/uploads\/2025\/07\/sosyal-sorumlukuk-2-sumoteks.jpg 715w, https:\/\/www.sumoteks.com\/wp-content\/uploads\/2025\/07\/sosyal-sorumlukuk-2-sumoteks-300x196.jpg 300w, https:\/\/www.sumoteks.com\/wp-content\/uploads\/2025\/07\/sosyal-sorumlukuk-2-sumoteks-18x12.jpg 18w\" sizes=\"(max-width: 640px) 100vw, 640px\" \/>\t\t\t\t\t\t\t\t\t\t\t\t\t\t\t<\/div>\n\t\t\t\t<\/div>\n\t\t\t\t<\/div>\n\t\t<div class=\"elementor-element elementor-element-12e935d e-con-full e-flex e-con e-child\" data-id=\"12e935d\" data-element_type=\"container\">\n\t\t\t\t<div class=\"elementor-element elementor-element-afce42f animated-fast elementor-invisible elementor-widget elementor-widget-image\" data-id=\"afce42f\" data-element_type=\"widget\" data-settings=\"{&quot;_animation&quot;:&quot;fadeInUp&quot;}\" data-widget_type=\"image.default\">\n\t\t\t\t<div class=\"elementor-widget-container\">\n\t\t\t\t\t\t\t\t\t\t\t\t\t\t\t<img decoding=\"async\" width=\"640\" height=\"419\" src=\"https:\/\/www.sumoteks.com\/wp-content\/uploads\/2025\/07\/sosyal-surdrebilirlik-sumoteks.jpg\" class=\"attachment-large size-large wp-image-8905\" alt=\"\" srcset=\"https:\/\/www.sumoteks.com\/wp-content\/uploads\/2025\/07\/sosyal-surdrebilirlik-sumoteks.jpg 715w, https:\/\/www.sumoteks.com\/wp-content\/uploads\/2025\/07\/sosyal-surdrebilirlik-sumoteks-300x196.jpg 300w, https:\/\/www.sumoteks.com\/wp-content\/uploads\/2025\/07\/sosyal-surdrebilirlik-sumoteks-18x12.jpg 18w\" sizes=\"(max-width: 640px) 100vw, 640px\" \/>\t\t\t\t\t\t\t\t\t\t\t\t\t\t\t<\/div>\n\t\t\t\t<\/div>\n\t\t\t\t<div class=\"elementor-element elementor-element-255bf68 elementor-widget__width-inherit animated-fast elementor-invisible elementor-widget elementor-widget-text-editor\" data-id=\"255bf68\" data-element_type=\"widget\" data-settings=\"{&quot;_animation&quot;:&quot;fadeInRight&quot;}\" data-widget_type=\"text-editor.default\">\n\t\t\t\t<div class=\"elementor-widget-container\">\n\t\t\t\t\t\t\t\t\t<p><strong data-start=\"2382\" data-end=\"2409\">Good Dialogue and Participation<br \/><\/strong>To strengthen employee satisfaction, we conduct regular annual employee satisfaction surveys to identify areas for improvement and continuously improve the employee experience. We foster a culture of open communication and solution-focused work through Good Dialogue Training.<\/p>\t\t\t\t\t\t\t\t<\/div>\n\t\t\t\t<\/div>\n\t\t\t\t<div class=\"elementor-element elementor-element-40f4502 elementor-widget__width-inherit animated-fast elementor-invisible elementor-widget elementor-widget-text-editor\" data-id=\"40f4502\" data-element_type=\"widget\" data-settings=\"{&quot;_animation&quot;:&quot;fadeInRight&quot;}\" data-widget_type=\"text-editor.default\">\n\t\t\t\t<div class=\"elementor-widget-container\">\n\t\t\t\t\t\t\t\t\t<p><strong data-start=\"2709\" data-end=\"2737\">Occupational Health and Safety<\/strong>\u00a0<br \/>Sumoteks prioritizes the safety and health of its employees. Preventing workplace risks, ensuring ergonomic conditions, and fully complying with legal obligations are essential. The company employs a Class B Occupational Safety Specialist and provides periodic OHS training to all employees. Drills are conducted twice a year to address potential emergencies.<\/p>\t\t\t\t\t\t\t\t<\/div>\n\t\t\t\t<\/div>\n\t\t\t\t<div class=\"elementor-element elementor-element-1c0f3e5 elementor-widget__width-inherit animated-fast elementor-invisible elementor-widget elementor-widget-text-editor\" data-id=\"1c0f3e5\" data-element_type=\"widget\" data-settings=\"{&quot;_animation&quot;:&quot;fadeInRight&quot;}\" data-widget_type=\"text-editor.default\">\n\t\t\t\t<div class=\"elementor-widget-container\">\n\t\t\t\t\t\t\t\t\t<p><strong data-start=\"3119\" data-end=\"3146\">Awareness Trainings<br \/><\/strong>All employees are provided with training in accordance with national legislation and ILO conventions, in line with customer codes of conduct, social compliance principles and environmental requirements.<\/p>\t\t\t\t\t\t\t\t<\/div>\n\t\t\t\t<\/div>\n\t\t\t\t<\/div>\n\t\t\t\t\t<\/div>\n\t\t\t\t<\/div>\n\t\t\t\t<\/div>","protected":false},"excerpt":{"rendered":"<p>Sosyal S\u00fcrd\u00fcr\u00fclebilirlik Adil ve G\u00fcvenceli \u00c7al\u0131\u015fma\u00c7al\u0131\u015fanlar\u0131m\u0131z sendikal\u0131 olup, toplu i\u015f s\u00f6zle\u015fmesi g\u00fcvencesi alt\u0131ndad\u0131r. \u00dccretlendirmede e\u015fit i\u015fe e\u015fit \u00fccret yakla\u015f\u0131m\u0131 temel al\u0131nmaktad\u0131r. Kad\u0131nlar\u0131n G\u00fc\u00e7lendirilmesi\u00a0Kad\u0131n Kariyer Geli\u015fim Program\u0131m\u0131z ve Kad\u0131n Komitemiz arac\u0131l\u0131\u011f\u0131yla liderlik pozisyonlar\u0131nda daha fazla kad\u0131n\u0131n yer almas\u0131n\u0131 destekliyoruz. \u0130\u015f yerinde cinsiyet temelli \u015fiddet, taciz ve ayr\u0131mc\u0131l\u0131\u011f\u0131n \u00f6nlenmesi i\u00e7in kapsaml\u0131 politika ve rehberler olu\u015fturulmu\u015f; \u00e7al\u0131\u015fanlara y\u00f6nelik [&hellip;]<\/p>","protected":false},"author":1,"featured_media":0,"parent":0,"menu_order":0,"comment_status":"closed","ping_status":"closed","template":"elementor_header_footer","meta":{"inline_featured_image":false,"footnotes":""},"class_list":["post-9702","page","type-page","status-publish","hentry"],"_links":{"self":[{"href":"https:\/\/www.sumoteks.com\/en\/wp-json\/wp\/v2\/pages\/9702","targetHints":{"allow":["GET"]}}],"collection":[{"href":"https:\/\/www.sumoteks.com\/en\/wp-json\/wp\/v2\/pages"}],"about":[{"href":"https:\/\/www.sumoteks.com\/en\/wp-json\/wp\/v2\/types\/page"}],"author":[{"embeddable":true,"href":"https:\/\/www.sumoteks.com\/en\/wp-json\/wp\/v2\/users\/1"}],"replies":[{"embeddable":true,"href":"https:\/\/www.sumoteks.com\/en\/wp-json\/wp\/v2\/comments?post=9702"}],"version-history":[{"count":7,"href":"https:\/\/www.sumoteks.com\/en\/wp-json\/wp\/v2\/pages\/9702\/revisions"}],"predecessor-version":[{"id":9709,"href":"https:\/\/www.sumoteks.com\/en\/wp-json\/wp\/v2\/pages\/9702\/revisions\/9709"}],"wp:attachment":[{"href":"https:\/\/www.sumoteks.com\/en\/wp-json\/wp\/v2\/media?parent=9702"}],"curies":[{"name":"wp","href":"https:\/\/api.w.org\/{rel}","templated":true}]}}