{"id":9713,"date":"2025-08-18T10:05:03","date_gmt":"2025-08-18T07:05:03","guid":{"rendered":"https:\/\/www.sumoteks.com\/?page_id=9713"},"modified":"2025-08-18T10:06:33","modified_gmt":"2025-08-18T07:06:33","slug":"kurumsal-sosyal-sorumluluk","status":"publish","type":"page","link":"https:\/\/www.sumoteks.com\/en\/kurumsal-sosyal-sorumluluk\/","title":{"rendered":"Corporate Social Responsibility"},"content":{"rendered":"<div data-elementor-type=\"wp-page\" data-elementor-id=\"9713\" class=\"elementor elementor-9713\" data-elementor-post-type=\"page\">\n\t\t\t\t<div class=\"elementor-element elementor-element-df04861 e-flex e-con-boxed e-con e-parent\" data-id=\"df04861\" data-element_type=\"container\">\n\t\t\t\t\t<div class=\"e-con-inner\">\n\t\t<div class=\"elementor-element elementor-element-2112d91 e-con-full e-flex e-con e-child\" data-id=\"2112d91\" data-element_type=\"container\">\n\t\t\t\t<div class=\"elementor-element elementor-element-a1328f2 elementor-position-left animated-fast elementor-view-default elementor-mobile-position-top elementor-invisible elementor-widget elementor-widget-icon-box\" data-id=\"a1328f2\" data-element_type=\"widget\" data-settings=\"{&quot;_animation&quot;:&quot;fadeInLeft&quot;}\" data-widget_type=\"icon-box.default\">\n\t\t\t\t<div class=\"elementor-widget-container\">\n\t\t\t\t\t\t\t<div class=\"elementor-icon-box-wrapper\">\n\n\t\t\t\t\t\t<div class=\"elementor-icon-box-icon\">\n\t\t\t\t<span  class=\"elementor-icon\">\n\t\t\t\t<svg xmlns=\"http:\/\/www.w3.org\/2000\/svg\" id=\"Layer_5\" height=\"512\" viewbox=\"0 0 64 64\" width=\"512\"><g><path d=\"m1 61h62v2h-62z\"><\/path><path d=\"m25.269 7.916c2.18-.607 4.445-.916 6.731-.916 6.08 0 11.874 2.179 16.429 6.157l-2.385 2.385 11.33 2.832-2.832-11.33-1.866 1.866c-5.697-5.108-13.001-7.91-20.676-7.91-2.804 0-5.584.375-8.266 1.114l-.734.202v5.731l2.047-.096zm-.269-4.065c2.28-.565 4.632-.851 7-.851 7.484 0 14.592 2.849 20.013 8.021l.707.674.738-.738 1.168 4.67-4.67-1.168 1.354-1.354-.746-.706c-5.033-4.772-11.627-7.399-18.564-7.399-2.374 0-4.728.309-7 .916z\"><\/path><path d=\"m2.114 40.266.202.734h5.731l-.096-2.047-.036-.222c-.606-2.18-.915-4.445-.915-6.731 0-6.079 2.179-11.874 6.157-16.43l2.385 2.386 2.832-11.33-11.33 2.832 1.866 1.866c-5.108 5.697-7.91 13.001-7.91 20.676 0 2.804.375 5.584 1.114 8.266zm8.907-28.279.674-.707-.738-.738 4.67-1.168-1.168 4.67-1.354-1.355-.706.746c-4.772 5.035-7.399 11.628-7.399 18.565 0 2.374.309 4.728.916 7h-2.065c-.565-2.28-.851-4.632-.851-7 0-7.484 2.849-14.592 8.021-20.013z\"><\/path><path d=\"m56.048 22.047.036.222c.607 2.18.916 4.445.916 6.731 0 6.079-2.179 11.874-6.157 16.43l-2.385-2.386-2.832 11.33 11.33-2.832-1.866-1.866c5.108-5.697 7.91-13.001 7.91-20.676 0-2.804-.375-5.584-1.114-8.266l-.202-.734h-5.731zm4.101-.047c.565 2.28.851 4.632.851 7 0 7.484-2.849 14.592-8.021 20.013l-.674.707.738.738-4.67 1.168 1.168-4.67 1.354 1.355.706-.746c4.772-5.035 7.399-11.627 7.399-18.565 0-2.374-.309-4.728-.916-7z\"><\/path><path d=\"m22 39h2v2h-2z\"><\/path><path d=\"m14 39h2v2h-2z\"><\/path><path d=\"m18 39h2v2h-2z\"><\/path><path d=\"m18 43h2v2h-2z\"><\/path><path d=\"m14 43h2v2h-2z\"><\/path><path d=\"m22 43h2v2h-2z\"><\/path><path d=\"m18 47h2v2h-2z\"><\/path><path d=\"m22 47h2v2h-2z\"><\/path><path d=\"m14 47h2v2h-2z\"><\/path><path d=\"m14 51h2v2h-2z\"><\/path><path d=\"m22 51h2v2h-2z\"><\/path><path d=\"m18 51h2v2h-2z\"><\/path><path d=\"m16 31h2v2h-2z\"><\/path><path d=\"m24 31h2v2h-2z\"><\/path><path d=\"m20 31h2v2h-2z\"><\/path><path d=\"m28 31h2v2h-2z\"><\/path><path d=\"m24 27h2v2h-2z\"><\/path><path d=\"m28 27h2v2h-2z\"><\/path><path d=\"m20 27h2v2h-2z\"><\/path><path d=\"m16 27h2v2h-2z\"><\/path><path d=\"m16 23h2v2h-2z\"><\/path><path d=\"m24 23h2v2h-2z\"><\/path><path d=\"m20 23h2v2h-2z\"><\/path><path d=\"m28 23h2v2h-2z\"><\/path><path d=\"m44 43h3c3.859 0 7-3.141 7-7v-1h-5c-1.958 0-3.728.81-5 2.111v-4.111h3c3.859 0 7-3.141 7-7v-1h-5c-1.987 0-3.778.836-5.054 2.17-.412-3.469-3.368-6.17-6.946-6.17h-3v-2h-22v16h-2v20h-9v2h62v-2h-19zm5-6h2.899c-.465 2.279-2.484 4-4.899 4h-2.899c.464-2.279 2.484-4 4.899-4zm0-10h2.899c-.465 2.279-2.484 4-4.899 4h-2.899c.464-2.279 2.484-4 4.899-4zm-7 28h-8v-18.111c1.272 1.301 3.042 2.111 5 2.111h3v3 1zm-7.899-22h2.899c2.415 0 4.435 1.721 4.899 4h-2.899c-2.415 0-4.435-1.721-4.899-4zm2.899-10c2.415 0 4.435 1.721 4.899 4h-2.899c-2.415 0-4.435-1.721-4.899-4zm2 6h3v3 1 .111c-1.272-1.301-3.042-2.111-5-2.111h-3v-4.111c1.272 1.301 3.042 2.111 5 2.111zm-25-8h18v1 9 1 23h-4v-20h-14zm-2 16h14v18h-14z\"><\/path><\/g><\/svg>\t\t\t\t<\/span>\n\t\t\t<\/div>\n\t\t\t\n\t\t\t\t\t\t<div class=\"elementor-icon-box-content\">\n\n\t\t\t\t\t\t\t\t\t<h3 class=\"elementor-icon-box-title\">\n\t\t\t\t\t\t<span  >\n\t\t\t\t\t\t\tCorporate Social<br> Responsibility\t\t\t\t\t\t<\/span>\n\t\t\t\t\t<\/h3>\n\t\t\t\t\n\t\t\t\t\n\t\t\t<\/div>\n\t\t\t\n\t\t<\/div>\n\t\t\t\t\t\t<\/div>\n\t\t\t\t<\/div>\n\t\t\t\t<div class=\"elementor-element elementor-element-ccd0175 elementor-widget__width-inherit animated-fast elementor-invisible elementor-widget elementor-widget-text-editor\" data-id=\"ccd0175\" data-element_type=\"widget\" data-settings=\"{&quot;_animation&quot;:&quot;fadeInRight&quot;}\" data-widget_type=\"text-editor.default\">\n\t\t\t\t<div class=\"elementor-widget-container\">\n\t\t\t\t\t\t\t\t\t<p class=\"\" data-start=\"3363\" data-end=\"3740\"><strong data-start=\"3363\" data-end=\"3398\">Sustainable Living Festival<br \/><\/strong>This festival, held at the Kervansaray Cultural Center in G\u00f6lc\u00fck in 2022 with approximately 1,000 participants, raised public awareness through panels, workshops, seminars, and training programs focusing on 10 different Sustainable Development Goals. The event was organized in collaboration with local governments, universities, and NGOs.<\/p>\t\t\t\t\t\t\t\t<\/div>\n\t\t\t\t<\/div>\n\t\t\t\t<div class=\"elementor-element elementor-element-517b922 animated-fast elementor-invisible elementor-widget elementor-widget-image\" data-id=\"517b922\" data-element_type=\"widget\" data-settings=\"{&quot;_animation&quot;:&quot;fadeInUp&quot;}\" data-widget_type=\"image.default\">\n\t\t\t\t<div class=\"elementor-widget-container\">\n\t\t\t\t\t\t\t\t\t\t\t\t\t\t\t<img fetchpriority=\"high\" decoding=\"async\" width=\"640\" height=\"419\" src=\"https:\/\/www.sumoteks.com\/wp-content\/uploads\/2025\/07\/sosyal-sorumlukuk-2-sumoteks.jpg\" class=\"attachment-large size-large wp-image-8928\" alt=\"\" srcset=\"https:\/\/www.sumoteks.com\/wp-content\/uploads\/2025\/07\/sosyal-sorumlukuk-2-sumoteks.jpg 715w, https:\/\/www.sumoteks.com\/wp-content\/uploads\/2025\/07\/sosyal-sorumlukuk-2-sumoteks-300x196.jpg 300w, https:\/\/www.sumoteks.com\/wp-content\/uploads\/2025\/07\/sosyal-sorumlukuk-2-sumoteks-18x12.jpg 18w\" sizes=\"(max-width: 640px) 100vw, 640px\" \/>\t\t\t\t\t\t\t\t\t\t\t\t\t\t\t<\/div>\n\t\t\t\t<\/div>\n\t\t\t\t<\/div>\n\t\t<div class=\"elementor-element elementor-element-12e935d e-con-full e-flex e-con e-child\" data-id=\"12e935d\" data-element_type=\"container\">\n\t\t\t\t<div class=\"elementor-element elementor-element-431891d animated-fast elementor-invisible elementor-widget elementor-widget-image\" data-id=\"431891d\" data-element_type=\"widget\" data-settings=\"{&quot;_animation&quot;:&quot;fadeInUp&quot;}\" data-widget_type=\"image.default\">\n\t\t\t\t<div class=\"elementor-widget-container\">\n\t\t\t\t\t\t\t\t\t\t\t\t\t\t\t<img decoding=\"async\" width=\"640\" height=\"419\" src=\"https:\/\/www.sumoteks.com\/wp-content\/uploads\/2025\/07\/kurumsal-sosyal-sorumluluk-sumoteks-gorseller.jpg\" class=\"attachment-large size-large wp-image-8930\" alt=\"\" srcset=\"https:\/\/www.sumoteks.com\/wp-content\/uploads\/2025\/07\/kurumsal-sosyal-sorumluluk-sumoteks-gorseller.jpg 715w, https:\/\/www.sumoteks.com\/wp-content\/uploads\/2025\/07\/kurumsal-sosyal-sorumluluk-sumoteks-gorseller-300x196.jpg 300w, https:\/\/www.sumoteks.com\/wp-content\/uploads\/2025\/07\/kurumsal-sosyal-sorumluluk-sumoteks-gorseller-18x12.jpg 18w\" sizes=\"(max-width: 640px) 100vw, 640px\" \/>\t\t\t\t\t\t\t\t\t\t\t\t\t\t\t<\/div>\n\t\t\t\t<\/div>\n\t\t\t\t<div class=\"elementor-element elementor-element-453e76b elementor-widget__width-inherit animated-fast elementor-invisible elementor-widget elementor-widget-text-editor\" data-id=\"453e76b\" data-element_type=\"widget\" data-settings=\"{&quot;_animation&quot;:&quot;fadeInRight&quot;}\" data-widget_type=\"text-editor.default\">\n\t\t\t\t<div class=\"elementor-widget-container\">\n\t\t\t\t\t\t\t\t\t<p><strong data-start=\"3743\" data-end=\"3782\">Social Impact and Stakeholder Collaboration<br \/><\/strong>We take an active role in the field of social sustainability by carrying out joint projects with municipalities, universities and non-governmental organizations.<\/p>\t\t\t\t\t\t\t\t<\/div>\n\t\t\t\t<\/div>\n\t\t\t\t<\/div>\n\t\t\t\t\t<\/div>\n\t\t\t\t<\/div>\n\t\t\t\t<\/div>","protected":false},"excerpt":{"rendered":"<p>Kurumsal Sosyal Sorumluluk S\u00fcrd\u00fcr\u00fclebilir Ya\u015fam Festivali2022 y\u0131l\u0131nda G\u00f6lc\u00fck\u2019te Kervansaray K\u00fclt\u00fcr Merkezi\u2019nde yakla\u015f\u0131k 1000 kat\u0131l\u0131mc\u0131yla ger\u00e7ekle\u015fen bu festivalde, 10 farkl\u0131 S\u00fcrd\u00fcr\u00fclebilir Kalk\u0131nma Amac\u0131na odaklanan panel, at\u00f6lye, seminer ve e\u011fitim programlar\u0131 ile toplumsal fark\u0131ndal\u0131k art\u0131r\u0131lm\u0131\u015ft\u0131r. Etkinlik yerel y\u00f6netimler, \u00fcniversiteler ve STK\u2019larla i\u015f birli\u011fi i\u00e7inde hayata ge\u00e7irilmi\u015ftir. Toplumsal Etki ve Payda\u015f \u0130\u015fbirli\u011fiBelediyeler, \u00fcniversiteler ve sivil toplum kurulu\u015flar\u0131 ile [&hellip;]<\/p>","protected":false},"author":1,"featured_media":0,"parent":0,"menu_order":0,"comment_status":"closed","ping_status":"closed","template":"elementor_header_footer","meta":{"inline_featured_image":false,"footnotes":""},"class_list":["post-9713","page","type-page","status-publish","hentry"],"_links":{"self":[{"href":"https:\/\/www.sumoteks.com\/en\/wp-json\/wp\/v2\/pages\/9713","targetHints":{"allow":["GET"]}}],"collection":[{"href":"https:\/\/www.sumoteks.com\/en\/wp-json\/wp\/v2\/pages"}],"about":[{"href":"https:\/\/www.sumoteks.com\/en\/wp-json\/wp\/v2\/types\/page"}],"author":[{"embeddable":true,"href":"https:\/\/www.sumoteks.com\/en\/wp-json\/wp\/v2\/users\/1"}],"replies":[{"embeddable":true,"href":"https:\/\/www.sumoteks.com\/en\/wp-json\/wp\/v2\/comments?post=9713"}],"version-history":[{"count":4,"href":"https:\/\/www.sumoteks.com\/en\/wp-json\/wp\/v2\/pages\/9713\/revisions"}],"predecessor-version":[{"id":9717,"href":"https:\/\/www.sumoteks.com\/en\/wp-json\/wp\/v2\/pages\/9713\/revisions\/9717"}],"wp:attachment":[{"href":"https:\/\/www.sumoteks.com\/en\/wp-json\/wp\/v2\/media?parent=9713"}],"curies":[{"name":"wp","href":"https:\/\/api.w.org\/{rel}","templated":true}]}}