{"id":9721,"date":"2025-08-18T10:08:35","date_gmt":"2025-08-18T07:08:35","guid":{"rendered":"https:\/\/www.sumoteks.com\/?page_id=9721"},"modified":"2025-08-18T10:14:56","modified_gmt":"2025-08-18T07:14:56","slug":"kurumsal-yonetisim-ve-etik-yaklasim","status":"publish","type":"page","link":"https:\/\/www.sumoteks.com\/en\/kurumsal-yonetisim-ve-etik-yaklasim\/","title":{"rendered":"Corporate Governance and Ethical Approach"},"content":{"rendered":"<div data-elementor-type=\"wp-page\" data-elementor-id=\"9721\" class=\"elementor elementor-9721\" data-elementor-post-type=\"page\">\n\t\t\t\t<div class=\"elementor-element elementor-element-df04861 e-flex e-con-boxed e-con e-parent\" data-id=\"df04861\" data-element_type=\"container\">\n\t\t\t\t\t<div class=\"e-con-inner\">\n\t\t<div class=\"elementor-element elementor-element-2112d91 e-con-full e-flex e-con e-child\" data-id=\"2112d91\" data-element_type=\"container\">\n\t\t\t\t<div class=\"elementor-element elementor-element-9364c80 elementor-position-left animated-fast elementor-view-default elementor-mobile-position-top elementor-invisible elementor-widget elementor-widget-icon-box\" data-id=\"9364c80\" data-element_type=\"widget\" data-settings=\"{&quot;_animation&quot;:&quot;fadeInLeft&quot;}\" data-widget_type=\"icon-box.default\">\n\t\t\t\t<div class=\"elementor-widget-container\">\n\t\t\t\t\t\t\t<div class=\"elementor-icon-box-wrapper\">\n\n\t\t\t\t\t\t<div class=\"elementor-icon-box-icon\">\n\t\t\t\t<span  class=\"elementor-icon\">\n\t\t\t\t<svg xmlns=\"http:\/\/www.w3.org\/2000\/svg\" id=\"Layer_1\" viewbox=\"0 0 512 512\" data-name=\"Layer 1\"><path d=\"m115.787 126.868c2.989-1.846 6.909-.919 8.755 2.07s.919 6.909-2.07 8.755c-15.594 9.667-29.017 20.671-40.537 33.028-8.803 9.442-16.491 19.677-23.185 30.712 36.91-4.186 74.493-17.249 101.216-37.944 11.801-9.139 21.435-19.758 27.861-31.734 6.315-11.768 9.532-24.917 8.642-39.335-1.035-16.783-7.62-35.379-21.306-55.659-9.681 24.329-32.294 36.255-56.113 48.813-34.405 18.139-71.584 37.765-67.601 103.537 6.268-9.615 13.294-18.637 21.156-27.07 12.257-13.148 26.555-24.866 43.181-35.173zm236.078 78.47h-191.04v16.791h191.04zm-71.057 276.451v-91.691h-48.927v91.771c7.915.899 15.963 1.36 24.119 1.36 8.393 0 16.671-.489 24.809-1.44zm-61.699-1.766c-13.194-2.32-25.968-5.862-38.198-10.506v-234.617h150.867v234.35c-12.227 4.692-25.001 8.283-38.199 10.649v-96.187c0-3.527-2.859-6.386-6.386-6.386h-61.699c-3.527 0-6.386 2.859-6.386 6.386v96.311zm-7.455-187.416h7.455v33.399c0 3.527 2.859 6.386 6.386 6.386h61.699c3.527 0 6.386-2.859 6.386-6.386v-33.399h7.455c3.527 0 6.386-2.859 6.386-6.386s-2.859-6.386-6.386-6.386h-89.38c-3.527 0-6.386 2.859-6.386 6.386s2.859 6.386 6.386 6.386zm38.304 27.013v-27.013h-18.078v27.013zm12.771-27.013v27.013h18.078v-27.013zm-126.153 63.936h-18.464v20.783h18.464zm-24.85-12.771h31.235c3.527 0 6.386 2.859 6.386 6.386v33.555c0 3.526-2.859 6.386-6.386 6.386h-31.235c-3.527 0-6.386-2.859-6.386-6.386v-33.555c0-3.527 2.859-6.386 6.386-6.386zm279.789-31.527h-15.901v18.03h15.901zm-22.286-12.772h28.672c3.527 0 6.386 2.859 6.386 6.386v30.801c0 3.527-2.859 6.386-6.386 6.386h-28.672c-3.527 0-6.386-2.859-6.386-6.386v-30.801c0-3.527 2.859-6.386 6.386-6.386zm22.286 70.89h-15.901v18.03h15.901zm-22.286-12.771h28.672c3.527 0 6.386 2.859 6.386 6.386v30.801c0 3.527-2.859 6.386-6.386 6.386h-28.672c-3.527 0-6.386-2.859-6.386-6.386v-30.801c0-3.527 2.859-6.386 6.386-6.386zm-201.09-59.116h-94.238v14.232h94.238zm0 27.003v138.698c-23.116-10.566-43.999-25.17-61.743-42.915-7.676-7.676-14.763-15.94-21.192-24.717v-71.067h82.935zm176.41-55.151h91.62v-14.232h-91.62zm78.033 131.776c-5.273 6.726-10.945 13.124-16.98 19.159-17.567 17.567-38.212 32.056-61.053 42.597v-180.761h78.031v118.886l.002.118zm12.77-119.004v100.835c20.412-32.539 32.217-71.028 32.217-112.274 0-58.424-23.681-111.317-61.967-149.603s-91.179-61.967-149.603-61.967c-3.527 0-6.385-2.859-6.385-6.385s2.859-6.385 6.385-6.385c61.949 0 118.034 25.111 158.632 65.709s65.709 96.683 65.709 158.632-25.111 118.035-65.709 158.632c-40.598 40.598-96.683 65.709-158.632 65.709s-118.035-25.111-158.632-65.709c-8.587-8.587-16.478-17.87-23.589-27.751-.098-.125-.191-.255-.279-.387-26.336-36.766-41.841-81.819-41.841-130.494 0-11.868.947-23.622 2.769-35.184 1.518-9.63 3.633-19.019 6.304-28.127-13.427-88.787 31.276-112.376 72.382-134.048 24.942-13.151 48.412-25.525 53.198-52.994.592-3.471 3.887-5.806 7.358-5.213 1.774.302 3.25 1.311 4.192 2.688 20.417 26.453 29.971 50.869 31.329 72.892 1.042 16.899-2.732 32.316-10.139 46.12-7.296 13.597-18.115 25.561-31.304 35.775-30.539 23.65-74.053 37.959-115.629 41.309-2.147 7.711-3.863 15.568-5.12 23.544-1.691 10.729-2.57 21.828-2.57 33.239 0 38.322 10.188 74.263 28.004 105.264v-51.445h-4.917c-3.527 0-6.386-2.859-6.386-6.386v-27.003c0-3.527 2.859-6.386 6.386-6.386h100.624v-50.804h-13.701c-3.527 0-6.386-2.859-6.386-6.386v-29.562c0-3.527 2.859-6.386 6.386-6.386h203.812c3.527 0 6.386 2.859 6.386 6.386v29.562c0 3.526-2.859 6.386-6.386 6.386h-13.701v8.424h98.006c3.527 0 6.386 2.859 6.386 6.386v27.003c0 3.527-2.859 6.386-6.386 6.386h-7.204z\" fill-rule=\"evenodd\"><\/path><\/svg>\t\t\t\t<\/span>\n\t\t\t<\/div>\n\t\t\t\n\t\t\t\t\t\t<div class=\"elementor-icon-box-content\">\n\n\t\t\t\t\t\t\t\t\t<h3 class=\"elementor-icon-box-title\">\n\t\t\t\t\t\t<span  >\n\t\t\t\t\t\t\tCorporate Governance<br> and Ethical Approach\t\t\t\t\t\t<\/span>\n\t\t\t\t\t<\/h3>\n\t\t\t\t\n\t\t\t\t\n\t\t\t<\/div>\n\t\t\t\n\t\t<\/div>\n\t\t\t\t\t\t<\/div>\n\t\t\t\t<\/div>\n\t\t\t\t<div class=\"elementor-element elementor-element-a0140fa animated-fast elementor-invisible elementor-widget elementor-widget-image\" data-id=\"a0140fa\" data-element_type=\"widget\" data-settings=\"{&quot;_animation&quot;:&quot;fadeInUp&quot;}\" data-widget_type=\"image.default\">\n\t\t\t\t<div class=\"elementor-widget-container\">\n\t\t\t\t\t\t\t\t\t\t\t\t\t\t\t<img fetchpriority=\"high\" decoding=\"async\" width=\"640\" height=\"419\" src=\"https:\/\/www.sumoteks.com\/wp-content\/uploads\/2025\/07\/etik-yaklsim-sumoteks.jpg\" class=\"attachment-large size-large wp-image-8984\" alt=\"\" srcset=\"https:\/\/www.sumoteks.com\/wp-content\/uploads\/2025\/07\/etik-yaklsim-sumoteks.jpg 715w, https:\/\/www.sumoteks.com\/wp-content\/uploads\/2025\/07\/etik-yaklsim-sumoteks-300x196.jpg 300w, https:\/\/www.sumoteks.com\/wp-content\/uploads\/2025\/07\/etik-yaklsim-sumoteks-18x12.jpg 18w\" sizes=\"(max-width: 640px) 100vw, 640px\" \/>\t\t\t\t\t\t\t\t\t\t\t\t\t\t\t<\/div>\n\t\t\t\t<\/div>\n\t\t\t\t<div class=\"elementor-element elementor-element-cf69139 elementor-widget__width-inherit animated-fast elementor-invisible elementor-widget elementor-widget-text-editor\" data-id=\"cf69139\" data-element_type=\"widget\" data-settings=\"{&quot;_animation&quot;:&quot;fadeInLeft&quot;}\" data-widget_type=\"text-editor.default\">\n\t\t\t\t<div class=\"elementor-widget-container\">\n\t\t\t\t\t\t\t\t\t<section><p>At Sumoteks, we aim to be a sustainable and reliable business partner not only through our production quality but also through our corporate governance structure, ethical business approach, and systematic management model. All our business processes are conducted in accordance with the principles of transparency, accountability, continuous improvement, and legal compliance.<\/p><\/section>\t\t\t\t\t\t\t\t<\/div>\n\t\t\t\t<\/div>\n\t\t\t\t<div class=\"elementor-element elementor-element-b9987c5 animated-fast elementor-invisible elementor-widget elementor-widget-heading\" data-id=\"b9987c5\" data-element_type=\"widget\" data-settings=\"{&quot;_animation&quot;:&quot;fadeInRight&quot;}\" data-widget_type=\"heading.default\">\n\t\t\t\t<div class=\"elementor-widget-container\">\n\t\t\t\t\t<h2 class=\"elementor-heading-title elementor-size-default\">100% Success from Intertek SQP Audit<\/h2>\t\t\t\t<\/div>\n\t\t\t\t<\/div>\n\t\t\t\t<div class=\"elementor-element elementor-element-8bf9915 elementor-widget__width-inherit animated-fast elementor-invisible elementor-widget elementor-widget-text-editor\" data-id=\"8bf9915\" data-element_type=\"widget\" data-settings=\"{&quot;_animation&quot;:&quot;fadeInLeft&quot;}\" data-widget_type=\"text-editor.default\">\n\t\t\t\t<div class=\"elementor-widget-container\">\n\t\t\t\t\t\t\t\t\t<section><p>We document the robustness of our corporate structure and the importance we place on quality in practice through independent audits. In this context, we achieved the highest level of success by receiving a 100% score in the Supplier Qualification Program (SQP) audit conducted by Intertek in 2025. The SQP audit is a comprehensive assessment system that measures the overall competence of suppliers across topics such as quality systems, production practices, traceability, transparency, social compliance, safety, and environmental management. This audit result clearly demonstrates that Sumoteks is an internationally reliable, ethical, and systematic manufacturer.<\/p><\/section>\t\t\t\t\t\t\t\t<\/div>\n\t\t\t\t<\/div>\n\t\t\t\t<\/div>\n\t\t<div class=\"elementor-element elementor-element-12e935d e-con-full e-flex e-con e-child\" data-id=\"12e935d\" data-element_type=\"container\">\n\t\t\t\t<div class=\"elementor-element elementor-element-023240d elementor-widget__width-inherit animated-fast elementor-invisible elementor-widget elementor-widget-text-editor\" data-id=\"023240d\" data-element_type=\"widget\" data-settings=\"{&quot;_animation&quot;:&quot;fadeInLeft&quot;}\" data-widget_type=\"text-editor.default\">\n\t\t\t\t<div class=\"elementor-widget-container\">\n\t\t\t\t\t\t\t\t\t<section><p>We document the robustness of our corporate structure and the importance we place on quality in practice through independent audits. In this context, we achieved the highest level of success by receiving a 100% score in the Supplier Qualification Program (SQP) audit conducted by Intertek in 2025. The SQP audit is a comprehensive assessment system that measures the overall competence of suppliers across topics such as quality systems, production practices, traceability, transparency, social compliance, safety, and environmental management. This audit result clearly demonstrates that Sumoteks is an internationally reliable, ethical, and systematic manufacturer.<\/p><\/section>\t\t\t\t\t\t\t\t<\/div>\n\t\t\t\t<\/div>\n\t\t\t\t<div class=\"elementor-element elementor-element-71067ec animated-fast elementor-invisible elementor-widget elementor-widget-heading\" data-id=\"71067ec\" data-element_type=\"widget\" data-settings=\"{&quot;_animation&quot;:&quot;fadeInRight&quot;}\" data-widget_type=\"heading.default\">\n\t\t\t\t<div class=\"elementor-widget-container\">\n\t\t\t\t\t<h2 class=\"elementor-heading-title elementor-size-default\">Quality Management System and Continuous Improvement<\/h2>\t\t\t\t<\/div>\n\t\t\t\t<\/div>\n\t\t\t\t<div class=\"elementor-element elementor-element-01670b3 elementor-widget__width-inherit animated-fast elementor-invisible elementor-widget elementor-widget-text-editor\" data-id=\"01670b3\" data-element_type=\"widget\" data-settings=\"{&quot;_animation&quot;:&quot;fadeInLeft&quot;}\" data-widget_type=\"text-editor.default\">\n\t\t\t\t<div class=\"elementor-widget-container\">\n\t\t\t\t\t\t\t\t\t<section><p>At Sumoteks, quality is not a function, but a corporate culture. All our production processes are planned, controlled, and continuously improved in line with customer expectations, legal requirements, and industry standards.<\/p><\/section>\t\t\t\t\t\t\t\t<\/div>\n\t\t\t\t<\/div>\n\t\t\t\t<div class=\"elementor-element elementor-element-ccddc87 elementor-widget__width-inherit animated-fast elementor-invisible elementor-widget elementor-widget-text-editor\" data-id=\"ccddc87\" data-element_type=\"widget\" data-settings=\"{&quot;_animation&quot;:&quot;fadeInLeft&quot;}\" data-widget_type=\"text-editor.default\">\n\t\t\t\t<div class=\"elementor-widget-container\">\n\t\t\t\t\t\t\t\t\t<ul><li><p>Error-proofing systems<\/p><\/li><li><p>Process control and product inspection mechanisms<\/p><\/li><li><p>Feedback and corrective action processes<\/p><\/li><li><p>Customer satisfaction tracking systems<\/p><\/li><\/ul>\t\t\t\t\t\t\t\t<\/div>\n\t\t\t\t<\/div>\n\t\t\t\t<div class=\"elementor-element elementor-element-5a38817 elementor-widget__width-inherit animated-fast elementor-invisible elementor-widget elementor-widget-text-editor\" data-id=\"5a38817\" data-element_type=\"widget\" data-settings=\"{&quot;_animation&quot;:&quot;fadeInLeft&quot;}\" data-widget_type=\"text-editor.default\">\n\t\t\t\t<div class=\"elementor-widget-container\">\n\t\t\t\t\t\t\t\t\t<section><p>Applications such as these are operated as basic components of quality management.<\/p><\/section>\t\t\t\t\t\t\t\t<\/div>\n\t\t\t\t<\/div>\n\t\t\t\t<\/div>\n\t\t\t\t\t<\/div>\n\t\t\t\t<\/div>\n\t\t<div class=\"elementor-element elementor-element-8e00301 e-flex e-con-boxed e-con e-parent\" data-id=\"8e00301\" data-element_type=\"container\">\n\t\t\t\t\t<div class=\"e-con-inner\">\n\t\t<div class=\"elementor-element elementor-element-86d4a71 e-con-full e-flex e-con e-child\" data-id=\"86d4a71\" data-element_type=\"container\">\n\t\t\t\t<div class=\"elementor-element elementor-element-2f5a23e elementor-position-left animated-fast elementor-view-default elementor-mobile-position-top elementor-invisible elementor-widget elementor-widget-icon-box\" data-id=\"2f5a23e\" data-element_type=\"widget\" data-settings=\"{&quot;_animation&quot;:&quot;fadeInLeft&quot;}\" data-widget_type=\"icon-box.default\">\n\t\t\t\t<div class=\"elementor-widget-container\">\n\t\t\t\t\t\t\t<div class=\"elementor-icon-box-wrapper\">\n\n\t\t\t\t\t\t<div class=\"elementor-icon-box-icon\">\n\t\t\t\t<span  class=\"elementor-icon\">\n\t\t\t\t<i aria-hidden=\"true\" class=\"flaticon flaticon-blueprint\"><\/i>\t\t\t\t<\/span>\n\t\t\t<\/div>\n\t\t\t\n\t\t\t\t\t\t<div class=\"elementor-icon-box-content\">\n\n\t\t\t\t\t\t\t\t\t<h3 class=\"elementor-icon-box-title\">\n\t\t\t\t\t\t<span  >\n\t\t\t\t\t\t\tOur ISO Certification Process\t\t\t\t\t\t<\/span>\n\t\t\t\t\t<\/h3>\n\t\t\t\t\n\t\t\t\t\n\t\t\t<\/div>\n\t\t\t\n\t\t<\/div>\n\t\t\t\t\t\t<\/div>\n\t\t\t\t<\/div>\n\t\t\t\t<div class=\"elementor-element elementor-element-3c3c420 elementor-widget__width-inherit animated-fast elementor-invisible elementor-widget elementor-widget-text-editor\" data-id=\"3c3c420\" data-element_type=\"widget\" data-settings=\"{&quot;_animation&quot;:&quot;fadeInLeft&quot;}\" data-widget_type=\"text-editor.default\">\n\t\t\t\t<div class=\"elementor-widget-container\">\n\t\t\t\t\t\t\t\t\t<p>In order to bring our corporate management systems to international standards, our certification process for the following ISO documents is ongoing:<\/p><ul><li>ISO 9001: Quality Management System<\/li><li>ISO 14001: Environmental Management System<\/li><li>ISO 45001: Occupational Health and Safety Management System<\/li><\/ul><p>Our systems are being prepared through internal audits, documentation, risk analyses, and process controls conducted in accordance with these standards. Our goal is not just to obtain certification, but to make these systems an integral part of our way of doing business.<\/p>\t\t\t\t\t\t\t\t<\/div>\n\t\t\t\t<\/div>\n\t\t\t\t<div class=\"elementor-element elementor-element-660e955 animated-fast elementor-invisible elementor-widget elementor-widget-heading\" data-id=\"660e955\" data-element_type=\"widget\" data-settings=\"{&quot;_animation&quot;:&quot;fadeInRight&quot;}\" data-widget_type=\"heading.default\">\n\t\t\t\t<div class=\"elementor-widget-container\">\n\t\t\t\t\t<h2 class=\"elementor-heading-title elementor-size-default\">Reliable Business Partner Concept<\/h2>\t\t\t\t<\/div>\n\t\t\t\t<\/div>\n\t\t\t\t<div class=\"elementor-element elementor-element-89c5ae3 elementor-widget__width-inherit animated-fast elementor-invisible elementor-widget elementor-widget-text-editor\" data-id=\"89c5ae3\" data-element_type=\"widget\" data-settings=\"{&quot;_animation&quot;:&quot;fadeInLeft&quot;}\" data-widget_type=\"text-editor.default\">\n\t\t\t\t<div class=\"elementor-widget-container\">\n\t\t\t\t\t\t\t\t\t<section><p>As Sumoteks, we build our governance approach on the basis of transparency, ethical principles, corporate responsibility, and sustainable development; we offer our business partners a reliable production and collaboration experience in every aspect.<\/p><\/section>\t\t\t\t\t\t\t\t<\/div>\n\t\t\t\t<\/div>\n\t\t\t\t<\/div>\n\t\t<div class=\"elementor-element elementor-element-59b9136 e-con-full e-flex e-con e-child\" data-id=\"59b9136\" data-element_type=\"container\">\n\t\t\t\t<div class=\"elementor-element elementor-element-f66955c animated-fast elementor-invisible elementor-widget elementor-widget-image\" data-id=\"f66955c\" data-element_type=\"widget\" data-settings=\"{&quot;_animation&quot;:&quot;fadeInUp&quot;}\" data-widget_type=\"image.default\">\n\t\t\t\t<div class=\"elementor-widget-container\">\n\t\t\t\t\t\t\t\t\t\t\t\t\t\t\t<img decoding=\"async\" width=\"640\" height=\"419\" src=\"https:\/\/www.sumoteks.com\/wp-content\/uploads\/2025\/07\/iso-belgelendirme-sumoteks.jpg\" class=\"attachment-large size-large wp-image-8987\" alt=\"\" srcset=\"https:\/\/www.sumoteks.com\/wp-content\/uploads\/2025\/07\/iso-belgelendirme-sumoteks.jpg 715w, https:\/\/www.sumoteks.com\/wp-content\/uploads\/2025\/07\/iso-belgelendirme-sumoteks-300x196.jpg 300w, https:\/\/www.sumoteks.com\/wp-content\/uploads\/2025\/07\/iso-belgelendirme-sumoteks-18x12.jpg 18w\" sizes=\"(max-width: 640px) 100vw, 640px\" \/>\t\t\t\t\t\t\t\t\t\t\t\t\t\t\t<\/div>\n\t\t\t\t<\/div>\n\t\t\t\t<\/div>\n\t\t\t\t\t<\/div>\n\t\t\t\t<\/div>\n\t\t\t\t<\/div>","protected":false},"excerpt":{"rendered":"<p>Kurumsal Y\u00f6neti\u015fim ve Etik Yakla\u015f\u0131m Sumoteks olarak yaln\u0131zca \u00fcretim kalitemizle de\u011fil, ayn\u0131 zamanda kurumsal y\u00f6neti\u015fim yap\u0131m\u0131z, etik i\u015f anlay\u0131\u015f\u0131m\u0131z ve sistematik y\u00f6netim modelimizle de s\u00fcrd\u00fcr\u00fclebilir ve g\u00fcvenilir bir i\u015f orta\u011f\u0131 olmay\u0131 hedefliyoruz. T\u00fcm i\u015f s\u00fcre\u00e7lerimiz; \u015feffafl\u0131k, hesap verebilirlik, s\u00fcrekli iyile\u015ftirme ve yasal uyum ilkeleri do\u011frultusunda y\u00fcr\u00fct\u00fclmektedir. Intertek SQP Denetiminden %100 Ba\u015far\u0131 Kurumsal yap\u0131m\u0131z\u0131n sa\u011flaml\u0131\u011f\u0131n\u0131 ve [&hellip;]<\/p>","protected":false},"author":1,"featured_media":0,"parent":0,"menu_order":0,"comment_status":"closed","ping_status":"closed","template":"elementor_header_footer","meta":{"inline_featured_image":false,"footnotes":""},"class_list":["post-9721","page","type-page","status-publish","hentry"],"_links":{"self":[{"href":"https:\/\/www.sumoteks.com\/en\/wp-json\/wp\/v2\/pages\/9721","targetHints":{"allow":["GET"]}}],"collection":[{"href":"https:\/\/www.sumoteks.com\/en\/wp-json\/wp\/v2\/pages"}],"about":[{"href":"https:\/\/www.sumoteks.com\/en\/wp-json\/wp\/v2\/types\/page"}],"author":[{"embeddable":true,"href":"https:\/\/www.sumoteks.com\/en\/wp-json\/wp\/v2\/users\/1"}],"replies":[{"embeddable":true,"href":"https:\/\/www.sumoteks.com\/en\/wp-json\/wp\/v2\/comments?post=9721"}],"version-history":[{"count":16,"href":"https:\/\/www.sumoteks.com\/en\/wp-json\/wp\/v2\/pages\/9721\/revisions"}],"predecessor-version":[{"id":9737,"href":"https:\/\/www.sumoteks.com\/en\/wp-json\/wp\/v2\/pages\/9721\/revisions\/9737"}],"wp:attachment":[{"href":"https:\/\/www.sumoteks.com\/en\/wp-json\/wp\/v2\/media?parent=9721"}],"curies":[{"name":"wp","href":"https:\/\/api.w.org\/{rel}","templated":true}]}}